{"id":22906,"date":"2022-07-30T02:50:10","date_gmt":"2022-07-30T02:50:10","guid":{"rendered":"https:\/\/snow-koala-744116.hostingersite.com\/?post_type=product&#038;p=22906"},"modified":"2022-07-30T02:50:12","modified_gmt":"2022-07-30T02:50:12","slug":"cappelli-personalizzati","status":"publish","type":"product","link":"https:\/\/snow-koala-744116.hostingersite.com\/it\/product\/custom-hats\/","title":{"rendered":"Cappelli personalizzati"},"content":{"rendered":"<p><span style=\"font-weight: 400\">Il sole \u00e8 forte e sei all&#039;aperto senza protezione. Sai che camminare con il viso scottato \u00e8 ancora pi\u00f9 doloroso dei raggi ultravioletti, quindi indossa questo cappellino da baseball per tutte le tue avventure all&#039;aria aperta e per la massima sicurezza!<\/span><span style=\"font-weight: 400\">\u00a0<\/span><\/p>\n<p><span style=\"font-weight: 400\">La chiusura posteriore regolabile di questo cappello garantir\u00e0 che il tuo logo rimanga al suo posto e ti sentirai sempre a tuo agio. Puoi personalizzarne la vestibilit\u00e0 per adattarla perfettamente a qualsiasi dimensione della testa, sia per uomo che per donna!<\/span><\/p>\n<p><span style=\"font-weight: 400\">FAI UN REGALO FANTASTICO: Disponibili con qualsiasi logo e ricamo, i cappelli personalizzati sono un&#039;ottima idea regalo per i tuoi amici e i tuoi cari. Ottimi per la primavera e l&#039;estate, il design taglia unica garantisce una vestibilit\u00e0 sicura e confortevole ogni volta.<\/span><\/p>\n<table>\n<tbody>\n<tr>\n<td><span style=\"font-weight: 400\">Quantit\u00e0 minima<\/span><\/td>\n<td><span style=\"font-weight: 400\">Nessun logo, nessun MOQ, aggiungi logo MOQ 50 pezzi<\/span><\/td>\n<\/tr>\n<tr>\n<td><span style=\"font-weight: 400\">Materiali<\/span><\/td>\n<td><span style=\"font-weight: 400\">cotone, poliestere<\/span><\/td>\n<\/tr>\n<tr>\n<td><span style=\"font-weight: 400\">tecnologia<\/span><\/td>\n<td><span style=\"font-weight: 400\">Stampa serigrafica, ricamo, trasferimento termico<\/span><\/td>\n<\/tr>\n<\/tbody>\n<\/table>\n<p>&nbsp;<\/p>","protected":false},"excerpt":{"rendered":"<p><span style=\"font-weight: 400\">Importato<\/span><\/p>\n<p><span style=\"font-weight: 400\">Lavare solo a mano<\/span><\/p>\n<p><span style=\"font-weight: 400\">I cappelli personalizzati originali sono perfetti per qualsiasi testa, grazie al cinturino posteriore regolabile con fibbia che garantisce il massimo comfort.\u00a0<\/span><\/p>\n<p><span style=\"font-weight: 400\">Questa stagione, qualit\u00e0 eccellente e stile ineguagliabile sono le parole d&#039;ordine. Se stai cercando un cappello sportivo alla moda o vuoi semplicemente aggiungere un tocco di classe in pi\u00f9 ai tuoi outfit casual, questo accessorio con logo ha tutto ci\u00f2 che serve!<\/span><\/p>","protected":false},"featured_media":22919,"comment_status":"closed","ping_status":"closed","template":"","meta":{"_seopress_robots_primary_cat":"none","_seopress_titles_title":"Custom Hats","_seopress_titles_desc":"","_seopress_robots_index":"","site-sidebar-layout":"default","site-content-layout":"default","ast-site-content-layout":"default","site-content-style":"default","site-sidebar-style":"default","ast-global-header-display":"","ast-banner-title-visibility":"","ast-main-header-display":"","ast-hfb-above-header-display":"","ast-hfb-below-header-display":"","ast-hfb-mobile-header-display":"","site-post-title":"","ast-breadcrumbs-content":"","ast-featured-img":"","footer-sml-layout":"","ast-disable-related-posts":"","theme-transparent-header-meta":"default","adv-header-id-meta":"","stick-header-meta":"default","header-above-stick-meta":"","header-main-stick-meta":"","header-below-stick-meta":"","astra-migrate-meta-layouts":"default","ast-page-background-enabled":"default","ast-page-background-meta":{"desktop":{"background-color":"","background-image":"","background-repeat":"repeat","background-position":"center center","background-size":"auto","background-attachment":"scroll","background-type":"","background-media":"","overlay-type":"","overlay-color":"","overlay-opacity":"","overlay-gradient":""},"tablet":{"background-color":"","background-image":"","background-repeat":"repeat","background-position":"center center","background-size":"auto","background-attachment":"scroll","background-type":"","background-media":"","overlay-type":"","overlay-color":"","overlay-opacity":"","overlay-gradient":""},"mobile":{"background-color":"","background-image":"","background-repeat":"repeat","background-position":"center center","background-size":"auto","background-attachment":"scroll","background-type":"","background-media":"","overlay-type":"","overlay-color":"","overlay-opacity":"","overlay-gradient":""}},"ast-content-background-meta":{"desktop":{"background-color":"var(--ast-global-color-5)","background-image":"","background-repeat":"repeat","background-position":"center center","background-size":"auto","background-attachment":"scroll","background-type":"","background-media":"","overlay-type":"","overlay-color":"","overlay-opacity":"","overlay-gradient":""},"tablet":{"background-color":"var(--ast-global-color-5)","background-image":"","background-repeat":"repeat","background-position":"center center","background-size":"auto","background-attachment":"scroll","background-type":"","background-media":"","overlay-type":"","overlay-color":"","overlay-opacity":"","overlay-gradient":""},"mobile":{"background-color":"var(--ast-global-color-5)","background-image":"","background-repeat":"repeat","background-position":"center center","background-size":"auto","background-attachment":"scroll","background-type":"","background-media":"","overlay-type":"","overlay-color":"","overlay-opacity":"","overlay-gradient":""}}},"product_brand":[],"product_cat":[435],"product_tag":[],"class_list":{"0":"post-22906","1":"product","2":"type-product","3":"status-publish","4":"has-post-thumbnail","6":"product_cat-hats","7":"desktop-align-center","8":"tablet-align-center","9":"mobile-align-center","11":"first","12":"instock","13":"taxable","14":"shipping-taxable","15":"product-type-simple"},"_links":{"self":[{"href":"https:\/\/snow-koala-744116.hostingersite.com\/it\/wp-json\/wp\/v2\/product\/22906","targetHints":{"allow":["GET"]}}],"collection":[{"href":"https:\/\/snow-koala-744116.hostingersite.com\/it\/wp-json\/wp\/v2\/product"}],"about":[{"href":"https:\/\/snow-koala-744116.hostingersite.com\/it\/wp-json\/wp\/v2\/types\/product"}],"replies":[{"embeddable":true,"href":"https:\/\/snow-koala-744116.hostingersite.com\/it\/wp-json\/wp\/v2\/comments?post=22906"}],"version-history":[{"count":0,"href":"https:\/\/snow-koala-744116.hostingersite.com\/it\/wp-json\/wp\/v2\/product\/22906\/revisions"}],"wp:featuredmedia":[{"embeddable":true,"href":"https:\/\/snow-koala-744116.hostingersite.com\/it\/wp-json\/wp\/v2\/media\/22919"}],"wp:attachment":[{"href":"https:\/\/snow-koala-744116.hostingersite.com\/it\/wp-json\/wp\/v2\/media?parent=22906"}],"wp:term":[{"taxonomy":"product_brand","embeddable":true,"href":"https:\/\/snow-koala-744116.hostingersite.com\/it\/wp-json\/wp\/v2\/product_brand?post=22906"},{"taxonomy":"product_cat","embeddable":true,"href":"https:\/\/snow-koala-744116.hostingersite.com\/it\/wp-json\/wp\/v2\/product_cat?post=22906"},{"taxonomy":"product_tag","embeddable":true,"href":"https:\/\/snow-koala-744116.hostingersite.com\/it\/wp-json\/wp\/v2\/product_tag?post=22906"}],"curies":[{"name":"parola chiave","href":"https:\/\/api.w.org\/{rel}","templated":true}]}}