{"id":41717,"date":"2022-11-30T21:59:02","date_gmt":"2022-11-30T21:59:02","guid":{"rendered":"https:\/\/snow-koala-744116.hostingersite.com\/?post_type=product&#038;p=41717"},"modified":"2022-11-30T21:59:06","modified_gmt":"2022-11-30T21:59:06","slug":"tazze-e-boccali-da-caffe-allingrosso-2","status":"publish","type":"product","link":"https:\/\/snow-koala-744116.hostingersite.com\/it\/product\/coffee-cups-and-mugs-wholesale-2\/","title":{"rendered":"Tazze e boccali da caff\u00e8 all&#039;ingrosso"},"content":{"rendered":"<ul>\n<li style=\"font-weight: 400\"><span style=\"font-weight: 400\">Manico grande e facile da impugnare: le tazze da caff\u00e8 bianche sono un regalo perfetto per ogni occasione perch\u00e9 sono eleganti e pratiche. Il manico grande ti permette di tenerle facilmente in mano, mentre le tazze in porcellana offrono una presa sufficiente per evitare che le mani scivolino quando sorseggi bevande calde a casa o al ristorante!<\/span><\/li>\n<li style=\"font-weight: 400\"><span style=\"font-weight: 400\">Sicurezza e facilit\u00e0 di pulizia: le nostre grandi tazze da caff\u00e8 in ceramica bianca sono realizzate in un materiale resistente, privo di plastica nociva o cadmio, cos\u00ec potrai goderti la tua tazza di caff\u00e8 mattutina in tutta tranquillit\u00e0 e serenit\u00e0. La smaltatura liscia eviter\u00e0 che le macchie rimangano a lungo su queste tazze, risparmiando notevolmente tempo nella pulizia!<\/span><\/li>\n<li style=\"font-weight: 400\"><span style=\"font-weight: 400\">Sicure per microonde, lavastoviglie e congelatore: le nostre resistenti tazze da caff\u00e8 sono realizzate con materiali di alta qualit\u00e0 che manterranno la tua bevanda perfetta per anni. Sono perfette in lavastoviglie, microonde o forno, anche se messe nel ghiaccio!<\/span><\/li>\n<li style=\"font-weight: 400\"><span style=\"font-weight: 400\">Multiuso: offriamo un&#039;ampia gamma di eleganti tazze da caff\u00e8 e mug per ogni occasione. Il nostro design semplice ma elegante render\u00e0 la tua casa ancora pi\u00f9 bella, con il regalo perfetto per ogni compleanno o anniversario!<\/span><br \/>\n<table>\n<tbody>\n<tr>\n<td><span style=\"font-weight: 400\">Ceramica<\/span><\/td>\n<td>\n<h1><span style=\"font-weight: 400\">Porcellana<\/span><\/h1>\n<\/td>\n<\/tr>\n<tr>\n<td><span style=\"font-weight: 400\">Capacit\u00e0<\/span><\/td>\n<td><span style=\"font-weight: 400\">22 once<\/span><\/td>\n<\/tr>\n<tr>\n<td><span style=\"font-weight: 400\">Colore<\/span><\/td>\n<td><span style=\"font-weight: 400\">Bianco<\/span><\/td>\n<\/tr>\n<tr>\n<td><span style=\"font-weight: 400\">Progetto<\/span><\/td>\n<td>\n<h1><span style=\"font-weight: 400\">Vuoto<\/span><\/h1>\n<\/td>\n<\/tr>\n<tr>\n<td><span style=\"font-weight: 400\">Caratteristica<\/span><\/td>\n<td><span style=\"font-weight: 400\">Senza BPA, senza piombo, senza cadmio<\/span><\/td>\n<\/tr>\n<tr>\n<td><span style=\"font-weight: 400\">Istruzioni per la cura<\/span><\/td>\n<td><span style=\"font-weight: 400\">Lavare a mano, lavare in lavatrice, adatto al microonde, adatto al congelatore<\/span><\/td>\n<\/tr>\n<tr>\n<td><span style=\"font-weight: 400\">Quantit\u00e0<\/span><\/td>\n<td><span style=\"font-weight: 400\">set di 6<\/span><\/td>\n<\/tr>\n<\/tbody>\n<\/table>\n<\/li>\n<\/ul>","protected":false},"excerpt":{"rendered":"<p><span style=\"font-weight: 400\">Set di tazze da caff\u00e8 grandi: queste tazze da caff\u00e8 e mug sono perfette per contenere una grande quantit\u00e0 della tua bevanda preferita, set da 6. Con questi articoli versatili, puoi anche gustare bevande calde come cioccolata calda o t\u00e8 con facilit\u00e0!<\/span><\/p>","protected":false},"featured_media":41721,"comment_status":"closed","ping_status":"closed","template":"","meta":{"_seopress_robots_primary_cat":"","_seopress_titles_title":" Coffee Cups And Mugs Wholesale","_seopress_titles_desc":"","_seopress_robots_index":"","site-sidebar-layout":"default","site-content-layout":"default","ast-site-content-layout":"default","site-content-style":"default","site-sidebar-style":"default","ast-global-header-display":"","ast-banner-title-visibility":"","ast-main-header-display":"","ast-hfb-above-header-display":"","ast-hfb-below-header-display":"","ast-hfb-mobile-header-display":"","site-post-title":"","ast-breadcrumbs-content":"","ast-featured-img":"","footer-sml-layout":"","ast-disable-related-posts":"","theme-transparent-header-meta":"default","adv-header-id-meta":"","stick-header-meta":"default","header-above-stick-meta":"","header-main-stick-meta":"","header-below-stick-meta":"","astra-migrate-meta-layouts":"default","ast-page-background-enabled":"default","ast-page-background-meta":{"desktop":{"background-color":"","background-image":"","background-repeat":"repeat","background-position":"center center","background-size":"auto","background-attachment":"scroll","background-type":"","background-media":"","overlay-type":"","overlay-color":"","overlay-opacity":"","overlay-gradient":""},"tablet":{"background-color":"","background-image":"","background-repeat":"repeat","background-position":"center center","background-size":"auto","background-attachment":"scroll","background-type":"","background-media":"","overlay-type":"","overlay-color":"","overlay-opacity":"","overlay-gradient":""},"mobile":{"background-color":"","background-image":"","background-repeat":"repeat","background-position":"center center","background-size":"auto","background-attachment":"scroll","background-type":"","background-media":"","overlay-type":"","overlay-color":"","overlay-opacity":"","overlay-gradient":""}},"ast-content-background-meta":{"desktop":{"background-color":"var(--ast-global-color-5)","background-image":"","background-repeat":"repeat","background-position":"center center","background-size":"auto","background-attachment":"scroll","background-type":"","background-media":"","overlay-type":"","overlay-color":"","overlay-opacity":"","overlay-gradient":""},"tablet":{"background-color":"var(--ast-global-color-5)","background-image":"","background-repeat":"repeat","background-position":"center center","background-size":"auto","background-attachment":"scroll","background-type":"","background-media":"","overlay-type":"","overlay-color":"","overlay-opacity":"","overlay-gradient":""},"mobile":{"background-color":"var(--ast-global-color-5)","background-image":"","background-repeat":"repeat","background-position":"center center","background-size":"auto","background-attachment":"scroll","background-type":"","background-media":"","overlay-type":"","overlay-color":"","overlay-opacity":"","overlay-gradient":""}}},"product_brand":[],"product_cat":[431],"product_tag":[],"class_list":{"0":"post-41717","1":"product","2":"type-product","3":"status-publish","4":"has-post-thumbnail","6":"product_cat-coffee-mugs","7":"desktop-align-center","8":"tablet-align-center","9":"mobile-align-center","11":"first","12":"instock","13":"taxable","14":"shipping-taxable","15":"product-type-simple"},"_links":{"self":[{"href":"https:\/\/snow-koala-744116.hostingersite.com\/it\/wp-json\/wp\/v2\/product\/41717","targetHints":{"allow":["GET"]}}],"collection":[{"href":"https:\/\/snow-koala-744116.hostingersite.com\/it\/wp-json\/wp\/v2\/product"}],"about":[{"href":"https:\/\/snow-koala-744116.hostingersite.com\/it\/wp-json\/wp\/v2\/types\/product"}],"replies":[{"embeddable":true,"href":"https:\/\/snow-koala-744116.hostingersite.com\/it\/wp-json\/wp\/v2\/comments?post=41717"}],"version-history":[{"count":0,"href":"https:\/\/snow-koala-744116.hostingersite.com\/it\/wp-json\/wp\/v2\/product\/41717\/revisions"}],"wp:featuredmedia":[{"embeddable":true,"href":"https:\/\/snow-koala-744116.hostingersite.com\/it\/wp-json\/wp\/v2\/media\/41721"}],"wp:attachment":[{"href":"https:\/\/snow-koala-744116.hostingersite.com\/it\/wp-json\/wp\/v2\/media?parent=41717"}],"wp:term":[{"taxonomy":"product_brand","embeddable":true,"href":"https:\/\/snow-koala-744116.hostingersite.com\/it\/wp-json\/wp\/v2\/product_brand?post=41717"},{"taxonomy":"product_cat","embeddable":true,"href":"https:\/\/snow-koala-744116.hostingersite.com\/it\/wp-json\/wp\/v2\/product_cat?post=41717"},{"taxonomy":"product_tag","embeddable":true,"href":"https:\/\/snow-koala-744116.hostingersite.com\/it\/wp-json\/wp\/v2\/product_tag?post=41717"}],"curies":[{"name":"parola chiave","href":"https:\/\/api.w.org\/{rel}","templated":true}]}}