{"id":64690,"date":"2024-12-30T13:51:43","date_gmt":"2024-12-30T13:51:43","guid":{"rendered":"https:\/\/snow-koala-744116.hostingersite.com\/?post_type=product&#038;p=64690"},"modified":"2024-12-31T08:52:57","modified_gmt":"2024-12-31T08:52:57","slug":"mockup-di-banner-da-tavolo","status":"publish","type":"product","link":"https:\/\/snow-koala-744116.hostingersite.com\/it\/product\/table-top-banner-mockup\/","title":{"rendered":"Mockup di banner da tavolo"},"content":{"rendered":"<table>\n<tbody>\n<tr>\n<td><span style=\"font-weight: 400\">Materiale<\/span><\/td>\n<td><span style=\"font-weight: 400\">Acrilico<\/span><\/td>\n<\/tr>\n<tr>\n<td><span style=\"font-weight: 400\">Marca<\/span><\/td>\n<td><span style=\"font-weight: 400\">nuovonuovospettacolo<\/span><\/td>\n<\/tr>\n<tr>\n<td><span style=\"font-weight: 400\">Dimensioni dell&#039;articolo LxWxH<\/span><\/td>\n<td><span style=\"font-weight: 400\">8,5 x 1,8 x 11 pollici<\/span><\/td>\n<\/tr>\n<tr>\n<td><span style=\"font-weight: 400\">Tipo di base<\/span><\/td>\n<td><span style=\"font-weight: 400\">Piedistallo<\/span><\/td>\n<\/tr>\n<tr>\n<td><span style=\"font-weight: 400\">Assemblaggio richiesto<\/span><\/td>\n<td><span style=\"font-weight: 400\">S\u00cc<\/span><\/td>\n<\/tr>\n<\/tbody>\n<\/table>","protected":false},"excerpt":{"rendered":"<ul>\n<li style=\"font-weight: 400\"><span style=\"font-weight: 400\">\ud83d\udc97<\/span><span style=\"font-weight: 400\">DESIGN IN ACRILICO DI QUALIT\u00c0 PREMIUM MIGLIORE: abbiamo selezionato con cura il miglior materiale acrilico infrangibile e resistente a livello industriale per garantire che i tuoi portacartelli durino molti anni e siano coperti da garanzia a vita. Da Prime Purpose la qualit\u00e0 \u00e8 importante!<\/span><\/li>\n<li style=\"font-weight: 400\"><span style=\"font-weight: 400\">\ud83d\udc9c<\/span><span style=\"font-weight: 400\"> DOPPIO LATO: Il supporto espone e protegge su entrambi i lati con un&#039;ottima visibilit\u00e0 ed \u00e8 facile da pulire e sostituire. In genere, le persone preferiscono questi supporti bifacciali piuttosto che quelli inclinati. Questo perch\u00e9 questi supporti bifacciali consentono di esporre su entrambi i lati, a differenza di quelli inclinati, che consentono di esporre solo su un lato.<\/span><\/li>\n<li style=\"font-weight: 400\"><span style=\"font-weight: 400\">\ud83d\udc99<\/span><span style=\"font-weight: 400\">MATERIALE SPESSO, RESISTENTE E DUREVOLE: Ogni portacartello bifacciale ha una base spessa 10 mm che offre un supporto eccellente, cos\u00ec il tuo portacartello rimarr\u00e0 SALDO su qualsiasi superficie piana. Ha una scanalatura triangolare per aumentare la stabilit\u00e0. Design con angoli arrotondati, lucidatura a livello di diamante, il processo di taglio crea angoli arrotondati e bordi lucidi, che non causeranno lesioni alle mani.<\/span><\/li>\n<li style=\"font-weight: 400\"><span style=\"font-weight: 400\">\ud83d\udc9a<\/span><span style=\"font-weight: 400\">MATERIALE ACRILICO ALTAMENTE TRASPARENTE: I nostri portacartelli sono realizzati in acrilico trasparente e gradevole che offre un effetto espositivo superbo. Ultra-trasparente, mostra il contenuto su entrambi i lati con una visibilit\u00e0 cristallina, goditi una visibilit\u00e0 nitida.<\/span><\/li>\n<\/ul>","protected":false},"featured_media":64695,"comment_status":"closed","ping_status":"closed","template":"","meta":{"_seopress_robots_primary_cat":"","_seopress_titles_title":"Table Top Banner Mockup","_seopress_titles_desc":"","_seopress_robots_index":"","site-sidebar-layout":"default","site-content-layout":"default","ast-site-content-layout":"default","site-content-style":"default","site-sidebar-style":"default","ast-global-header-display":"","ast-banner-title-visibility":"","ast-main-header-display":"","ast-hfb-above-header-display":"","ast-hfb-below-header-display":"","ast-hfb-mobile-header-display":"","site-post-title":"","ast-breadcrumbs-content":"","ast-featured-img":"","footer-sml-layout":"","ast-disable-related-posts":"","theme-transparent-header-meta":"default","adv-header-id-meta":"","stick-header-meta":"","header-above-stick-meta":"","header-main-stick-meta":"","header-below-stick-meta":"","astra-migrate-meta-layouts":"default","ast-page-background-enabled":"default","ast-page-background-meta":{"desktop":{"background-color":"","background-image":"","background-repeat":"repeat","background-position":"center center","background-size":"auto","background-attachment":"scroll","background-type":"","background-media":"","overlay-type":"","overlay-color":"","overlay-opacity":"","overlay-gradient":""},"tablet":{"background-color":"","background-image":"","background-repeat":"repeat","background-position":"center center","background-size":"auto","background-attachment":"scroll","background-type":"","background-media":"","overlay-type":"","overlay-color":"","overlay-opacity":"","overlay-gradient":""},"mobile":{"background-color":"","background-image":"","background-repeat":"repeat","background-position":"center center","background-size":"auto","background-attachment":"scroll","background-type":"","background-media":"","overlay-type":"","overlay-color":"","overlay-opacity":"","overlay-gradient":""}},"ast-content-background-meta":{"desktop":{"background-color":"var(--ast-global-color-5)","background-image":"","background-repeat":"repeat","background-position":"center center","background-size":"auto","background-attachment":"scroll","background-type":"","background-media":"","overlay-type":"","overlay-color":"","overlay-opacity":"","overlay-gradient":""},"tablet":{"background-color":"var(--ast-global-color-5)","background-image":"","background-repeat":"repeat","background-position":"center center","background-size":"auto","background-attachment":"scroll","background-type":"","background-media":"","overlay-type":"","overlay-color":"","overlay-opacity":"","overlay-gradient":""},"mobile":{"background-color":"var(--ast-global-color-5)","background-image":"","background-repeat":"repeat","background-position":"center center","background-size":"auto","background-attachment":"scroll","background-type":"","background-media":"","overlay-type":"","overlay-color":"","overlay-opacity":"","overlay-gradient":""}}},"product_brand":[],"product_cat":[553],"product_tag":[],"class_list":{"0":"post-64690","1":"product","2":"type-product","3":"status-publish","4":"has-post-thumbnail","6":"product_cat-table-top-banner-stand","7":"desktop-align-center","8":"tablet-align-center","9":"mobile-align-center","11":"first","12":"instock","13":"taxable","14":"shipping-taxable","15":"product-type-simple"},"_links":{"self":[{"href":"https:\/\/snow-koala-744116.hostingersite.com\/it\/wp-json\/wp\/v2\/product\/64690","targetHints":{"allow":["GET"]}}],"collection":[{"href":"https:\/\/snow-koala-744116.hostingersite.com\/it\/wp-json\/wp\/v2\/product"}],"about":[{"href":"https:\/\/snow-koala-744116.hostingersite.com\/it\/wp-json\/wp\/v2\/types\/product"}],"replies":[{"embeddable":true,"href":"https:\/\/snow-koala-744116.hostingersite.com\/it\/wp-json\/wp\/v2\/comments?post=64690"}],"version-history":[{"count":0,"href":"https:\/\/snow-koala-744116.hostingersite.com\/it\/wp-json\/wp\/v2\/product\/64690\/revisions"}],"wp:featuredmedia":[{"embeddable":true,"href":"https:\/\/snow-koala-744116.hostingersite.com\/it\/wp-json\/wp\/v2\/media\/64695"}],"wp:attachment":[{"href":"https:\/\/snow-koala-744116.hostingersite.com\/it\/wp-json\/wp\/v2\/media?parent=64690"}],"wp:term":[{"taxonomy":"product_brand","embeddable":true,"href":"https:\/\/snow-koala-744116.hostingersite.com\/it\/wp-json\/wp\/v2\/product_brand?post=64690"},{"taxonomy":"product_cat","embeddable":true,"href":"https:\/\/snow-koala-744116.hostingersite.com\/it\/wp-json\/wp\/v2\/product_cat?post=64690"},{"taxonomy":"product_tag","embeddable":true,"href":"https:\/\/snow-koala-744116.hostingersite.com\/it\/wp-json\/wp\/v2\/product_tag?post=64690"}],"curies":[{"name":"parola chiave","href":"https:\/\/api.w.org\/{rel}","templated":true}]}}