{"id":65200,"date":"2024-12-30T08:31:51","date_gmt":"2024-12-30T08:31:51","guid":{"rendered":"https:\/\/snow-koala-744116.hostingersite.com\/?post_type=product&#038;p=65200"},"modified":"2024-12-31T08:15:50","modified_gmt":"2024-12-31T08:15:50","slug":"cuffia-antisudore-per-palestra","status":"publish","type":"product","link":"https:\/\/snow-koala-744116.hostingersite.com\/it\/product\/sweat-cap-for-gym\/","title":{"rendered":"Berretto antisudore per palestra"},"content":{"rendered":"<ul>\n<li style=\"font-weight: 400\"><span style=\"font-weight: 400\">Tessuto confortevole: il cappello traspirante \u00e8 realizzato in tessuto a rete di qualit\u00e0 e il materiale morbido e traspirante ha un buon assorbimento del sudore, asciugatura rapida, leggero e robusto, offrendoti un&#039;esperienza di utilizzo pi\u00f9 confortevole<\/span><\/li>\n<li style=\"font-weight: 400\"><span style=\"font-weight: 400\">Usi multipli: i cappelli ad asciugatura rapida sono molto adatti per sportivi, atleti e motociclisti; Possono proteggere la testa dal sole e dal vento; Possono anche essere indossati sotto il casco e indossati comodamente; Sono adatti anche per feste a tema, feste all&#039;aperto, attivit\u00e0 sportive o attivit\u00e0 quotidiane<\/span><\/li>\n<\/ul>\n<p>&nbsp;<\/p>","protected":false},"excerpt":{"rendered":"<ul>\n<li style=\"font-weight: 400\"><span style=\"font-weight: 400\">Chiusura elastica<\/span><\/li>\n<li style=\"font-weight: 400\"><span style=\"font-weight: 400\">Lavaggio in lavatrice<\/span><\/li>\n<li style=\"font-weight: 400\"><span style=\"font-weight: 400\">Asciugatura rapida e facile da pulire: questo cappello ha una buona permeabilit\u00e0 all&#039;aria e si asciuga rapidamente; pu\u00f2 assorbire bene il sudore prodotto durante l&#039;esercizio; anche la pulizia \u00e8 molto semplice; pu\u00f2 essere lavato in lavatrice senza restringimento e il colore rimane invariato durante il processo di lavaggio<\/span><\/li>\n<li style=\"font-weight: 400\"><span style=\"font-weight: 400\">Una variet\u00e0 di opzioni di colore: ci sono 6 pezzi di berretti traspiranti, vari colori sono forniti nella confezione tra cui scegliere; \u00e8 facile abbinare diversi vestiti e pu\u00f2 essere indossato sia da uomini che da donne<\/span><\/li>\n<li style=\"font-weight: 400\"><span style=\"font-weight: 400\">Circonferenza del berretto regolabile: il berretto \u00e8 elastico; con l&#039;aiuto di una cintura regolabile, puoi allacciare comodamente il berretto, che si adatta bene alla tua testa e non \u00e8 facile da sfilare<\/span><\/li>\n<\/ul>","protected":false},"featured_media":65205,"comment_status":"closed","ping_status":"closed","template":"","meta":{"_seopress_robots_primary_cat":"none","_seopress_titles_title":"Sweat Cap for Gym","_seopress_titles_desc":"","_seopress_robots_index":"","site-sidebar-layout":"default","site-content-layout":"default","ast-site-content-layout":"default","site-content-style":"default","site-sidebar-style":"default","ast-global-header-display":"","ast-banner-title-visibility":"","ast-main-header-display":"","ast-hfb-above-header-display":"","ast-hfb-below-header-display":"","ast-hfb-mobile-header-display":"","site-post-title":"","ast-breadcrumbs-content":"","ast-featured-img":"","footer-sml-layout":"","ast-disable-related-posts":"","theme-transparent-header-meta":"default","adv-header-id-meta":"","stick-header-meta":"","header-above-stick-meta":"","header-main-stick-meta":"","header-below-stick-meta":"","astra-migrate-meta-layouts":"default","ast-page-background-enabled":"default","ast-page-background-meta":{"desktop":{"background-color":"","background-image":"","background-repeat":"repeat","background-position":"center center","background-size":"auto","background-attachment":"scroll","background-type":"","background-media":"","overlay-type":"","overlay-color":"","overlay-opacity":"","overlay-gradient":""},"tablet":{"background-color":"","background-image":"","background-repeat":"repeat","background-position":"center center","background-size":"auto","background-attachment":"scroll","background-type":"","background-media":"","overlay-type":"","overlay-color":"","overlay-opacity":"","overlay-gradient":""},"mobile":{"background-color":"","background-image":"","background-repeat":"repeat","background-position":"center center","background-size":"auto","background-attachment":"scroll","background-type":"","background-media":"","overlay-type":"","overlay-color":"","overlay-opacity":"","overlay-gradient":""}},"ast-content-background-meta":{"desktop":{"background-color":"var(--ast-global-color-5)","background-image":"","background-repeat":"repeat","background-position":"center center","background-size":"auto","background-attachment":"scroll","background-type":"","background-media":"","overlay-type":"","overlay-color":"","overlay-opacity":"","overlay-gradient":""},"tablet":{"background-color":"var(--ast-global-color-5)","background-image":"","background-repeat":"repeat","background-position":"center center","background-size":"auto","background-attachment":"scroll","background-type":"","background-media":"","overlay-type":"","overlay-color":"","overlay-opacity":"","overlay-gradient":""},"mobile":{"background-color":"var(--ast-global-color-5)","background-image":"","background-repeat":"repeat","background-position":"center center","background-size":"auto","background-attachment":"scroll","background-type":"","background-media":"","overlay-type":"","overlay-color":"","overlay-opacity":"","overlay-gradient":""}}},"product_brand":[],"product_cat":[555],"product_tag":[],"class_list":{"0":"post-65200","1":"product","2":"type-product","3":"status-publish","4":"has-post-thumbnail","6":"product_cat-custom-hats","7":"desktop-align-center","8":"tablet-align-center","9":"mobile-align-center","11":"first","12":"instock","13":"taxable","14":"shipping-taxable","15":"product-type-simple"},"_links":{"self":[{"href":"https:\/\/snow-koala-744116.hostingersite.com\/it\/wp-json\/wp\/v2\/product\/65200","targetHints":{"allow":["GET"]}}],"collection":[{"href":"https:\/\/snow-koala-744116.hostingersite.com\/it\/wp-json\/wp\/v2\/product"}],"about":[{"href":"https:\/\/snow-koala-744116.hostingersite.com\/it\/wp-json\/wp\/v2\/types\/product"}],"replies":[{"embeddable":true,"href":"https:\/\/snow-koala-744116.hostingersite.com\/it\/wp-json\/wp\/v2\/comments?post=65200"}],"version-history":[{"count":0,"href":"https:\/\/snow-koala-744116.hostingersite.com\/it\/wp-json\/wp\/v2\/product\/65200\/revisions"}],"wp:featuredmedia":[{"embeddable":true,"href":"https:\/\/snow-koala-744116.hostingersite.com\/it\/wp-json\/wp\/v2\/media\/65205"}],"wp:attachment":[{"href":"https:\/\/snow-koala-744116.hostingersite.com\/it\/wp-json\/wp\/v2\/media?parent=65200"}],"wp:term":[{"taxonomy":"product_brand","embeddable":true,"href":"https:\/\/snow-koala-744116.hostingersite.com\/it\/wp-json\/wp\/v2\/product_brand?post=65200"},{"taxonomy":"product_cat","embeddable":true,"href":"https:\/\/snow-koala-744116.hostingersite.com\/it\/wp-json\/wp\/v2\/product_cat?post=65200"},{"taxonomy":"product_tag","embeddable":true,"href":"https:\/\/snow-koala-744116.hostingersite.com\/it\/wp-json\/wp\/v2\/product_tag?post=65200"}],"curies":[{"name":"parola chiave","href":"https:\/\/api.w.org\/{rel}","templated":true}]}}