{"id":7927,"date":"2022-06-22T08:29:23","date_gmt":"2022-06-22T08:29:23","guid":{"rendered":"https:\/\/snow-koala-744116.hostingersite.com\/?post_type=product&#038;p=7927"},"modified":"2022-06-22T08:29:26","modified_gmt":"2022-06-22T08:29:26","slug":"cordini-personalizzati-per-la-squadra","status":"publish","type":"product","link":"https:\/\/snow-koala-744116.hostingersite.com\/it\/product\/custom-team-lanyards\/","title":{"rendered":"Lanyard personalizzati per la squadra"},"content":{"rendered":"<ul>\n<li>Comodi e pratici, grazie alla stampa fronte-retro, i laccetti personalizzati per team possono essere abbinati a qualsiasi outfit e mostrare il proprio carattere unico. Il design unico delle catene chiave esprime sicurezza, luminosit\u00e0 e originalit\u00e0. Questi laccetti sono adatti a qualsiasi team, ragazzi, ragazze, adolescenti, insegnanti, infermieri, ecc.<\/li>\n<li>\u00a0Multi-Applicazione: Aspetto ordinato e linee decise, abbiamo cordini eleganti e semplici, il cordino a catena essenziale ti permette di liberare le mani. Quando hai le mani impegnate, usa questi cordini personalizzati intorno al collo, lasciali pendere dalla tasca o tienili nello zaino o nella borsa. Puoi collegarli a trucchi, trucchi per auto, badge identificativi, certificati, porta carte, portafogli, videocamere e telefoni cellulari.<\/li>\n<li>Regalo perfetto La scelta migliore per i regali. Questi cordini personalizzati per la tua squadra sono un regalo elegante per i tuoi compagni di squadra in ogni occasione.<br \/>\n<table>\n<tbody>\n<tr>\n<td width=\"189\">misurare<\/td>\n<td width=\"364\">Specifiche esistenti o personalizzazione<\/td>\n<\/tr>\n<tr>\n<td width=\"189\">Luogo di origine<\/td>\n<td width=\"364\">Cina<\/td>\n<\/tr>\n<tr>\n<td width=\"189\">materiale<\/td>\n<td width=\"364\">Poliestere<\/td>\n<\/tr>\n<tr>\n<td width=\"189\">logo<\/td>\n<td width=\"364\">logo personalizzato<\/td>\n<\/tr>\n<tr>\n<td width=\"189\">GW<\/td>\n<td width=\"364\">13,0 kg stimati per un cartone<\/td>\n<\/tr>\n<tr>\n<td width=\"189\">tempo di campionamento<\/td>\n<td width=\"364\">5-7 giorni<\/td>\n<\/tr>\n<tr>\n<td width=\"189\">tempi di consegna<\/td>\n<td width=\"364\">12-16 giorni per 1-3k pezzi<\/td>\n<\/tr>\n<\/tbody>\n<\/table>\n<\/li>\n<\/ul>","protected":false},"excerpt":{"rendered":"<p>Laccetti personalizzati alla moda, semplici e di alta moda, realizzati in tessuto morbido e setoso di alta qualit\u00e0, cos\u00ec il collo non si sentir\u00e0 troppo stanco durante l&#039;estate, senza alcun dolore. I portachiavi da donna sono disponibili in una vasta gamma di stili: blu limone, rosa a pois, stampa triangolare - nero e rosso, stampa triangolare - bianco rosa, stampa triangolare - bianco ed ecologico.<\/p>","protected":false},"featured_media":7935,"comment_status":"closed","ping_status":"closed","template":"","meta":{"_seopress_robots_primary_cat":"","_seopress_titles_title":"Custom Team Lanyards Ideal Promotional From China","_seopress_titles_desc":"","_seopress_robots_index":"","site-sidebar-layout":"default","site-content-layout":"default","ast-site-content-layout":"default","site-content-style":"default","site-sidebar-style":"default","ast-global-header-display":"","ast-banner-title-visibility":"","ast-main-header-display":"","ast-hfb-above-header-display":"","ast-hfb-below-header-display":"","ast-hfb-mobile-header-display":"","site-post-title":"","ast-breadcrumbs-content":"","ast-featured-img":"","footer-sml-layout":"","ast-disable-related-posts":"","theme-transparent-header-meta":"default","adv-header-id-meta":"","stick-header-meta":"default","header-above-stick-meta":"","header-main-stick-meta":"","header-below-stick-meta":"","astra-migrate-meta-layouts":"default","ast-page-background-enabled":"default","ast-page-background-meta":{"desktop":{"background-color":"","background-image":"","background-repeat":"repeat","background-position":"center center","background-size":"auto","background-attachment":"scroll","background-type":"","background-media":"","overlay-type":"","overlay-color":"","overlay-opacity":"","overlay-gradient":""},"tablet":{"background-color":"","background-image":"","background-repeat":"repeat","background-position":"center center","background-size":"auto","background-attachment":"scroll","background-type":"","background-media":"","overlay-type":"","overlay-color":"","overlay-opacity":"","overlay-gradient":""},"mobile":{"background-color":"","background-image":"","background-repeat":"repeat","background-position":"center center","background-size":"auto","background-attachment":"scroll","background-type":"","background-media":"","overlay-type":"","overlay-color":"","overlay-opacity":"","overlay-gradient":""}},"ast-content-background-meta":{"desktop":{"background-color":"var(--ast-global-color-5)","background-image":"","background-repeat":"repeat","background-position":"center center","background-size":"auto","background-attachment":"scroll","background-type":"","background-media":"","overlay-type":"","overlay-color":"","overlay-opacity":"","overlay-gradient":""},"tablet":{"background-color":"var(--ast-global-color-5)","background-image":"","background-repeat":"repeat","background-position":"center center","background-size":"auto","background-attachment":"scroll","background-type":"","background-media":"","overlay-type":"","overlay-color":"","overlay-opacity":"","overlay-gradient":""},"mobile":{"background-color":"var(--ast-global-color-5)","background-image":"","background-repeat":"repeat","background-position":"center center","background-size":"auto","background-attachment":"scroll","background-type":"","background-media":"","overlay-type":"","overlay-color":"","overlay-opacity":"","overlay-gradient":""}}},"product_brand":[],"product_cat":[64],"product_tag":[],"class_list":{"0":"post-7927","1":"product","2":"type-product","3":"status-publish","4":"has-post-thumbnail","6":"product_cat-lanyards","7":"desktop-align-center","8":"tablet-align-center","9":"mobile-align-center","11":"first","12":"instock","13":"taxable","14":"shipping-taxable","15":"product-type-simple"},"_links":{"self":[{"href":"https:\/\/snow-koala-744116.hostingersite.com\/it\/wp-json\/wp\/v2\/product\/7927","targetHints":{"allow":["GET"]}}],"collection":[{"href":"https:\/\/snow-koala-744116.hostingersite.com\/it\/wp-json\/wp\/v2\/product"}],"about":[{"href":"https:\/\/snow-koala-744116.hostingersite.com\/it\/wp-json\/wp\/v2\/types\/product"}],"replies":[{"embeddable":true,"href":"https:\/\/snow-koala-744116.hostingersite.com\/it\/wp-json\/wp\/v2\/comments?post=7927"}],"version-history":[{"count":0,"href":"https:\/\/snow-koala-744116.hostingersite.com\/it\/wp-json\/wp\/v2\/product\/7927\/revisions"}],"wp:featuredmedia":[{"embeddable":true,"href":"https:\/\/snow-koala-744116.hostingersite.com\/it\/wp-json\/wp\/v2\/media\/7935"}],"wp:attachment":[{"href":"https:\/\/snow-koala-744116.hostingersite.com\/it\/wp-json\/wp\/v2\/media?parent=7927"}],"wp:term":[{"taxonomy":"product_brand","embeddable":true,"href":"https:\/\/snow-koala-744116.hostingersite.com\/it\/wp-json\/wp\/v2\/product_brand?post=7927"},{"taxonomy":"product_cat","embeddable":true,"href":"https:\/\/snow-koala-744116.hostingersite.com\/it\/wp-json\/wp\/v2\/product_cat?post=7927"},{"taxonomy":"product_tag","embeddable":true,"href":"https:\/\/snow-koala-744116.hostingersite.com\/it\/wp-json\/wp\/v2\/product_tag?post=7927"}],"curies":[{"name":"parola chiave","href":"https:\/\/api.w.org\/{rel}","templated":true}]}}