{"id":16298,"date":"2022-07-18T10:32:22","date_gmt":"2022-07-18T10:32:22","guid":{"rendered":"https:\/\/snow-koala-744116.hostingersite.com\/?post_type=product&#038;p=16298"},"modified":"2022-07-18T10:32:27","modified_gmt":"2022-07-18T10:32:27","slug":"logolu-ozel-bereler","status":"publish","type":"product","link":"https:\/\/snow-koala-744116.hostingersite.com\/tr\/product\/custom-beanies-with-logo\/","title":{"rendered":"Logolu \u00d6zel Bereler"},"content":{"rendered":"<p><span style=\"font-weight: 400\">Hepimiz k\u0131\u015f\u0131n geldi\u011fini ve beraberinde so\u011fuk havay\u0131 da getirdi\u011fini biliyoruz. Bu da, sizi bekleyenlere s\u0131cak giysiler giyerek haz\u0131rl\u0131kl\u0131 olman\u0131z gerekti\u011fi anlam\u0131na geliyor! En iyi yollardan biri, kendinize tam istedi\u011finiz gibi yap\u0131lm\u0131\u015f bu \u00f6zel berelerden birini almak. \u0130ster i\u015fte ister d\u0131\u015far\u0131da bir macerada m\u00fckemmeller; ayr\u0131ca sade \u00f6rg\u00fc tasar\u0131mlar\u0131, ba\u015f\u0131n\u0131z\u0131 rahat tutarken \u015f\u0131kl\u0131\u011f\u0131n\u0131z\u0131 da koruyacak, b\u00f6ylece kimse nereden ald\u0131\u011f\u0131n\u0131z\u0131 anlamayacak.<\/span><\/p>\n<p><span style=\"font-weight: 400\">En iyi hediyelerin, verilen ve al\u0131nan hediyeler oldu\u011funu s\u00f6ylerler. E\u011fer bu s\u00f6z do\u011fruysa, al\u0131c\u0131n\u0131z\u0131n tam da ihtiyac\u0131 olan \u015fey bizde! Logolu \u00f6zel berelerimiz, k\u0131\u015f aylar\u0131nda onlar\u0131 s\u0131cak tutarken, ayn\u0131 zamanda g\u00fcnl\u00fck k\u0131yafetlerine de uyum sa\u011flayarak bir veya iki (veya be\u015f) a\u00e7\u0131k hava maceras\u0131ndan g\u00fcvenle eve d\u00f6nmelerini sa\u011flayacak. A\u00e7\u0131k havada aktif olmay\u0131 seven herkes i\u00e7in m\u00fckemmel bir aksesuar - sonsuza dek gitmeden hemen bir tane edinin!<\/span><\/p>\n<table>\n<tbody>\n<tr>\n<td><b>\u00f6\u011fe<\/b><\/td>\n<td><b>Logolu \u00f6zel bereler<\/b><\/td>\n<\/tr>\n<tr>\n<td><b>Spor \u015eapka Tipi<\/b><\/td>\n<td><b>bere<\/b><\/td>\n<\/tr>\n<tr>\n<td><b>Ya\u015f Grubu<\/b><\/td>\n<td><b>Yeti\u015fkinler<\/b><\/td>\n<\/tr>\n<tr>\n<td><b>Cinsiyet<\/b><\/td>\n<td><b>\u00dcniseks<\/b><\/td>\n<\/tr>\n<tr>\n<td><b>malzeme<\/b><\/td>\n<td><b>Pamuk\/y\u00fcn<\/b><\/td>\n<\/tr>\n<tr>\n<td><b>Kuma\u015f \u00d6zelli\u011fi<\/b><\/td>\n<td><b>YAYGIN<\/b><\/td>\n<\/tr>\n<tr>\n<td><b>Stil<\/b><\/td>\n<td><b>Karakter<\/b><\/td>\n<\/tr>\n<tr>\n<td><b>Model<\/b><\/td>\n<td><b>basmak<\/b><\/td>\n<\/tr>\n<\/tbody>\n<\/table>\n<p>&nbsp;<\/p>","protected":false},"excerpt":{"rendered":"<p><span style=\"font-weight: 400\">\u00c7ekmeli kapatma \u00f6zelli\u011fi sayesinde ayakkab\u0131y\u0131 giyip \u00e7\u0131karmak kolayd\u0131r.<\/span><\/p>\n<p><span style=\"font-weight: 400\">Logolu \u00f6zel bereler farkl\u0131 renklerde mevcuttur, b\u00f6ylece k\u0131yafetlerinizin rengi ne olursa olsun onlarla uyumlu hale getirebilirsiniz. Her t\u00fcrl\u00fc k\u0131yafete \u015f\u0131kl\u0131k katman\u0131n harika bir yoludur!<\/span><\/p>\n<p>&nbsp;<\/p>","protected":false},"featured_media":16306,"comment_status":"closed","ping_status":"closed","template":"","meta":{"_seopress_robots_primary_cat":"none","_seopress_titles_title":" Custom Beanies With Logo","_seopress_titles_desc":"","_seopress_robots_index":"","site-sidebar-layout":"default","site-content-layout":"default","ast-site-content-layout":"default","site-content-style":"default","site-sidebar-style":"default","ast-global-header-display":"","ast-banner-title-visibility":"","ast-main-header-display":"","ast-hfb-above-header-display":"","ast-hfb-below-header-display":"","ast-hfb-mobile-header-display":"","site-post-title":"","ast-breadcrumbs-content":"","ast-featured-img":"","footer-sml-layout":"","ast-disable-related-posts":"","theme-transparent-header-meta":"default","adv-header-id-meta":"","stick-header-meta":"default","header-above-stick-meta":"","header-main-stick-meta":"","header-below-stick-meta":"","astra-migrate-meta-layouts":"default","ast-page-background-enabled":"default","ast-page-background-meta":{"desktop":{"background-color":"","background-image":"","background-repeat":"repeat","background-position":"center center","background-size":"auto","background-attachment":"scroll","background-type":"","background-media":"","overlay-type":"","overlay-color":"","overlay-opacity":"","overlay-gradient":""},"tablet":{"background-color":"","background-image":"","background-repeat":"repeat","background-position":"center center","background-size":"auto","background-attachment":"scroll","background-type":"","background-media":"","overlay-type":"","overlay-color":"","overlay-opacity":"","overlay-gradient":""},"mobile":{"background-color":"","background-image":"","background-repeat":"repeat","background-position":"center center","background-size":"auto","background-attachment":"scroll","background-type":"","background-media":"","overlay-type":"","overlay-color":"","overlay-opacity":"","overlay-gradient":""}},"ast-content-background-meta":{"desktop":{"background-color":"var(--ast-global-color-5)","background-image":"","background-repeat":"repeat","background-position":"center center","background-size":"auto","background-attachment":"scroll","background-type":"","background-media":"","overlay-type":"","overlay-color":"","overlay-opacity":"","overlay-gradient":""},"tablet":{"background-color":"var(--ast-global-color-5)","background-image":"","background-repeat":"repeat","background-position":"center center","background-size":"auto","background-attachment":"scroll","background-type":"","background-media":"","overlay-type":"","overlay-color":"","overlay-opacity":"","overlay-gradient":""},"mobile":{"background-color":"var(--ast-global-color-5)","background-image":"","background-repeat":"repeat","background-position":"center center","background-size":"auto","background-attachment":"scroll","background-type":"","background-media":"","overlay-type":"","overlay-color":"","overlay-opacity":"","overlay-gradient":""}}},"product_brand":[],"product_cat":[383],"product_tag":[],"class_list":{"0":"post-16298","1":"product","2":"type-product","3":"status-publish","4":"has-post-thumbnail","6":"product_cat-beanies","7":"desktop-align-center","8":"tablet-align-center","9":"mobile-align-center","11":"first","12":"instock","13":"taxable","14":"shipping-taxable","15":"product-type-simple"},"_links":{"self":[{"href":"https:\/\/snow-koala-744116.hostingersite.com\/tr\/wp-json\/wp\/v2\/product\/16298","targetHints":{"allow":["GET"]}}],"collection":[{"href":"https:\/\/snow-koala-744116.hostingersite.com\/tr\/wp-json\/wp\/v2\/product"}],"about":[{"href":"https:\/\/snow-koala-744116.hostingersite.com\/tr\/wp-json\/wp\/v2\/types\/product"}],"replies":[{"embeddable":true,"href":"https:\/\/snow-koala-744116.hostingersite.com\/tr\/wp-json\/wp\/v2\/comments?post=16298"}],"version-history":[{"count":0,"href":"https:\/\/snow-koala-744116.hostingersite.com\/tr\/wp-json\/wp\/v2\/product\/16298\/revisions"}],"wp:featuredmedia":[{"embeddable":true,"href":"https:\/\/snow-koala-744116.hostingersite.com\/tr\/wp-json\/wp\/v2\/media\/16306"}],"wp:attachment":[{"href":"https:\/\/snow-koala-744116.hostingersite.com\/tr\/wp-json\/wp\/v2\/media?parent=16298"}],"wp:term":[{"taxonomy":"product_brand","embeddable":true,"href":"https:\/\/snow-koala-744116.hostingersite.com\/tr\/wp-json\/wp\/v2\/product_brand?post=16298"},{"taxonomy":"product_cat","embeddable":true,"href":"https:\/\/snow-koala-744116.hostingersite.com\/tr\/wp-json\/wp\/v2\/product_cat?post=16298"},{"taxonomy":"product_tag","embeddable":true,"href":"https:\/\/snow-koala-744116.hostingersite.com\/tr\/wp-json\/wp\/v2\/product_tag?post=16298"}],"curies":[{"name":"wp","href":"https:\/\/api.w.org\/{rel}","templated":true}]}}