{"id":22793,"date":"2022-07-30T01:52:59","date_gmt":"2022-07-30T01:52:59","guid":{"rendered":"https:\/\/snow-koala-744116.hostingersite.com\/?post_type=product&#038;p=22793"},"modified":"2022-07-30T01:53:02","modified_gmt":"2022-07-30T01:53:02","slug":"ozel-kordon-sapkalar","status":"publish","type":"product","link":"https:\/\/snow-koala-744116.hostingersite.com\/tr\/product\/custom-cord-hats\/","title":{"rendered":"\u00d6zel Kordon \u015eapkalar"},"content":{"rendered":"<p><span style=\"font-weight: 400\">\u00a0Renk uyumlu Dad Hat, 4 renk birle\u015ftirme ve daha fazla \u015f\u0131kl\u0131k i\u00e7in kar\u0131\u015f\u0131k diki\u015f tasar\u0131m\u0131; Tek katmanl\u0131 tasar\u0131m, \u00e7ok hafif ve nefes alabilen Kavisli Siperlik, t\u00fcm a\u00e7\u0131k hava aktiviteleriniz s\u0131ras\u0131nda y\u00fcz\u00fcn\u00fcz\u00fc ve g\u00f6zlerinizi zararl\u0131 UV \u0131\u015f\u0131nlar\u0131ndan ve parlamalardan korur. Hafif su ge\u00e7irmez \u00f6zelli\u011fi, az miktarda nemin ba\u015f\u0131n\u0131z\u0131 \u0131slatmas\u0131n\u0131 \u00f6nlemeye yard\u0131mc\u0131 olur. Al\u00e7ak profilli ve benzersiz bir siperlikli \u015fapkadan \u015fa\u015fmay\u0131n.<\/span><\/p>\n<p><span style=\"font-weight: 400\">T\u00fcy kadar hafif, ultra ince ve s\u00fcper hafiftir, \u015fapkan\u0131n varl\u0131\u011f\u0131n\u0131 neredeyse hissetmezsiniz, takt\u0131\u011f\u0131n\u0131zda a\u011f\u0131rl\u0131k yapmaz. Katlanmas\u0131 kolay de\u011fildir, katlanabilir ve her cebe, s\u0131rt \u00e7antas\u0131na veya el \u00e7antas\u0131na s\u0131\u011far. Ta\u015f\u0131nabilir ve d\u0131\u015far\u0131 \u00e7\u0131kmak i\u00e7in \u00e7ok uygundur.<\/span><\/p>\n<p><span style=\"font-weight: 400\">C<\/span><span style=\"font-weight: 400\">\u00f6zel kordon \u015fapkalar<\/span> <span style=\"font-weight: 400\">M\u00fc\u015fterilerimize birinci s\u0131n\u0131f kalitede \u015fapkalar sunmakt\u0131r. \u015eapkalar\u0131m\u0131zla ilgili herhangi bir sorunuz varsa l\u00fctfen bizimle ileti\u015fime ge\u00e7mekten \u00e7ekinmeyin. Sat\u0131n ald\u0131\u011f\u0131n\u0131z \u00fcr\u00fcnde herhangi bir kusur olmas\u0131 durumunda paran\u0131z\u0131n iade edilece\u011fi garanti edilir.\u00a0<\/span><\/p>\n<table>\n<tbody>\n<tr>\n<td><b>\u00dcr\u00fcn ad\u0131<\/b><\/td>\n<td><span style=\"font-weight: 400\">\u00d6zel Yap\u0131s\u0131z Y\u0131kanm\u0131\u015f Kadife 5 Panel Halatl\u0131 Snapback Kordonlu \u015eapkalar ve \u015eapkalar<\/span><\/td>\n<\/tr>\n<tr>\n<td><b>Logo<\/b><\/td>\n<td><b>aplike<\/b><\/td>\n<\/tr>\n<tr>\n<td><b>Renk<\/b><\/td>\n<td><b>\u00a0 \u00a0 \u00a0 \u00a0 \u00f6zelle\u015ftirilmi\u015f\u00a0\u00a0\u00a0\u00a0\u00a0<\/b><\/td>\n<\/tr>\n<tr>\n<td><b>A\u011f\u0131z<\/b><\/td>\n<td><b>d\u00fcz siperlik<\/b><\/td>\n<\/tr>\n<tr>\n<td><b>arka kapama<\/b><\/td>\n<td><b>Snapback<\/b><\/td>\n<\/tr>\n<tr>\n<td><b>Ter band\u0131<\/b><\/td>\n<td><b>pamuk<\/b><\/td>\n<\/tr>\n<\/tbody>\n<\/table>\n<p>&nbsp;<\/p>","protected":false},"excerpt":{"rendered":"<p><span style=\"font-weight: 400\">100% kadife<\/span><\/p>\n<p><span style=\"font-weight: 400\">\u00a0Bunlarla g\u00fcne\u015fli g\u00fcnlerin tad\u0131n\u0131 a\u00e7\u0131k havada \u00e7\u0131kar\u0131n <\/span><span style=\"font-weight: 400\">\u00f6zel kordon \u015fapkalar<\/span><span style=\"font-weight: 400\">Nefes alabilen kadife kuma\u015ftan \u00fcretilmi\u015ftir. \u00c7ok daha dayan\u0131kl\u0131 ve rahat, \u00e7ok hafif ve nefes alabilir. Naylon malzeme, \u00fcr\u00fcn\u00fcn en iyi uyumunu ve ana hatlar\u0131n\u0131 korur. <\/span><span style=\"font-weight: 400\">\u00f6zel kordon \u015fapkalar<\/span><span style=\"font-weight: 400\">A\u00e7\u0131k havada, tatillerde, partilerde ve her t\u00fcrl\u00fc hava ko\u015fulunda her t\u00fcrl\u00fc durum i\u00e7in idealdir. \u00c7o\u011fu yaz sporlar\u0131 i\u00e7in gereklidir.<\/span><\/p>\n<p><span style=\"font-weight: 400\">\u00a0Tek beden tasar\u0131m, Arkas\u0131nda g\u00fcnl\u00fck kullan\u0131mda ihtiya\u00e7 duyuldu\u011fu \u015fekilde ayarlanabilen Plastik H\u0131zl\u0131 Yan \u00c7\u0131karma Tokas\u0131 bulunur.<\/span><\/p>","protected":false},"featured_media":22807,"comment_status":"closed","ping_status":"closed","template":"","meta":{"_seopress_robots_primary_cat":"none","_seopress_titles_title":"Custom Cord Hats","_seopress_titles_desc":"","_seopress_robots_index":"","site-sidebar-layout":"default","site-content-layout":"default","ast-site-content-layout":"default","site-content-style":"default","site-sidebar-style":"default","ast-global-header-display":"","ast-banner-title-visibility":"","ast-main-header-display":"","ast-hfb-above-header-display":"","ast-hfb-below-header-display":"","ast-hfb-mobile-header-display":"","site-post-title":"","ast-breadcrumbs-content":"","ast-featured-img":"","footer-sml-layout":"","ast-disable-related-posts":"","theme-transparent-header-meta":"default","adv-header-id-meta":"","stick-header-meta":"default","header-above-stick-meta":"","header-main-stick-meta":"","header-below-stick-meta":"","astra-migrate-meta-layouts":"default","ast-page-background-enabled":"default","ast-page-background-meta":{"desktop":{"background-color":"","background-image":"","background-repeat":"repeat","background-position":"center center","background-size":"auto","background-attachment":"scroll","background-type":"","background-media":"","overlay-type":"","overlay-color":"","overlay-opacity":"","overlay-gradient":""},"tablet":{"background-color":"","background-image":"","background-repeat":"repeat","background-position":"center center","background-size":"auto","background-attachment":"scroll","background-type":"","background-media":"","overlay-type":"","overlay-color":"","overlay-opacity":"","overlay-gradient":""},"mobile":{"background-color":"","background-image":"","background-repeat":"repeat","background-position":"center center","background-size":"auto","background-attachment":"scroll","background-type":"","background-media":"","overlay-type":"","overlay-color":"","overlay-opacity":"","overlay-gradient":""}},"ast-content-background-meta":{"desktop":{"background-color":"var(--ast-global-color-5)","background-image":"","background-repeat":"repeat","background-position":"center center","background-size":"auto","background-attachment":"scroll","background-type":"","background-media":"","overlay-type":"","overlay-color":"","overlay-opacity":"","overlay-gradient":""},"tablet":{"background-color":"var(--ast-global-color-5)","background-image":"","background-repeat":"repeat","background-position":"center center","background-size":"auto","background-attachment":"scroll","background-type":"","background-media":"","overlay-type":"","overlay-color":"","overlay-opacity":"","overlay-gradient":""},"mobile":{"background-color":"var(--ast-global-color-5)","background-image":"","background-repeat":"repeat","background-position":"center center","background-size":"auto","background-attachment":"scroll","background-type":"","background-media":"","overlay-type":"","overlay-color":"","overlay-opacity":"","overlay-gradient":""}}},"product_brand":[],"product_cat":[435],"product_tag":[],"class_list":{"0":"post-22793","1":"product","2":"type-product","3":"status-publish","4":"has-post-thumbnail","6":"product_cat-hats","7":"desktop-align-center","8":"tablet-align-center","9":"mobile-align-center","11":"first","12":"instock","13":"taxable","14":"shipping-taxable","15":"product-type-simple"},"_links":{"self":[{"href":"https:\/\/snow-koala-744116.hostingersite.com\/tr\/wp-json\/wp\/v2\/product\/22793","targetHints":{"allow":["GET"]}}],"collection":[{"href":"https:\/\/snow-koala-744116.hostingersite.com\/tr\/wp-json\/wp\/v2\/product"}],"about":[{"href":"https:\/\/snow-koala-744116.hostingersite.com\/tr\/wp-json\/wp\/v2\/types\/product"}],"replies":[{"embeddable":true,"href":"https:\/\/snow-koala-744116.hostingersite.com\/tr\/wp-json\/wp\/v2\/comments?post=22793"}],"version-history":[{"count":0,"href":"https:\/\/snow-koala-744116.hostingersite.com\/tr\/wp-json\/wp\/v2\/product\/22793\/revisions"}],"wp:featuredmedia":[{"embeddable":true,"href":"https:\/\/snow-koala-744116.hostingersite.com\/tr\/wp-json\/wp\/v2\/media\/22807"}],"wp:attachment":[{"href":"https:\/\/snow-koala-744116.hostingersite.com\/tr\/wp-json\/wp\/v2\/media?parent=22793"}],"wp:term":[{"taxonomy":"product_brand","embeddable":true,"href":"https:\/\/snow-koala-744116.hostingersite.com\/tr\/wp-json\/wp\/v2\/product_brand?post=22793"},{"taxonomy":"product_cat","embeddable":true,"href":"https:\/\/snow-koala-744116.hostingersite.com\/tr\/wp-json\/wp\/v2\/product_cat?post=22793"},{"taxonomy":"product_tag","embeddable":true,"href":"https:\/\/snow-koala-744116.hostingersite.com\/tr\/wp-json\/wp\/v2\/product_tag?post=22793"}],"curies":[{"name":"wp","href":"https:\/\/api.w.org\/{rel}","templated":true}]}}