{"id":53514,"date":"2023-03-18T07:48:27","date_gmt":"2023-03-18T07:48:27","guid":{"rendered":"https:\/\/snow-koala-744116.hostingersite.com\/?post_type=product&#038;p=53514"},"modified":"2023-03-18T07:48:30","modified_gmt":"2023-03-18T07:48:30","slug":"katlanabilir-fuar-standlari","status":"publish","type":"product","link":"https:\/\/snow-koala-744116.hostingersite.com\/tr\/product\/collapsible-trade-show-displays\/","title":{"rendered":"Katlanabilir Fuar Standlar\u0131"},"content":{"rendered":"<table>\n<tbody>\n<tr>\n<td><b>Renk<\/b><\/td>\n<td><span style=\"font-weight: 400\">Log-3tier<\/span><\/td>\n<\/tr>\n<tr>\n<td><b>Malzeme<\/b><\/td>\n<td><span style=\"font-weight: 400\">Odun<\/span><\/td>\n<\/tr>\n<tr>\n<td><b>Marka<\/b><\/td>\n<td><span style=\"font-weight: 400\">LUBANHAND<\/span><\/td>\n<\/tr>\n<tr>\n<td><b>\u00dcr\u00fcn Boyutlar\u0131 UxGxY<\/b><\/td>\n<td><span style=\"font-weight: 400\">15,35 x 12,6 x 9,56 in\u00e7<\/span><\/td>\n<\/tr>\n<tr>\n<td><b>Biti\u015f T\u00fcr\u00fc<\/b><\/td>\n<td><span style=\"font-weight: 400\">Cilal\u0131<\/span><\/td>\n<\/tr>\n<\/tbody>\n<\/table>","protected":false},"excerpt":{"rendered":"<ul>\n<li style=\"font-weight: 400\"><span style=\"font-weight: 400\">PREMIUM KAL\u0130TE: Masif ah\u015faptan \u00fcretilmi\u015ftir, Plastik ve akrilik i\u00e7ermez, saf ah\u015fap \u00fcr\u00fcnler \u00e7evreye daha dosttur. Boyutlar: 15,35 \u00d7 12,6 \u00d7 9,56 in\u00e7 Tahta: 15,35 x 3 x 0,5 in\u00e7 (39 x 7,5 x 1,5 cm)<\/span><\/li>\n<li style=\"font-weight: 400\"><span style=\"font-weight: 400\">GEN\u0130\u015e KULLANIM: 3 katl\u0131 raflar, parti tatl\u0131lar\u0131n\u0131z\u0131, keklerinizi, \u015fekerlemelerinizi ve m\u00fccevherlerinizi, parf\u00fcmlerinizi, kozmetiklerinizi, kupalar\u0131n\u0131z\u0131 ve hayal edebilece\u011finiz di\u011fer e\u015fyalar\u0131n\u0131z\u0131 sergilemek i\u00e7in kullan\u0131labilir. Evinizin herhangi bir yerine yerle\u015ftirilebilirler.<\/span><\/li>\n<li style=\"font-weight: 400\"><span style=\"font-weight: 400\">Y\u00dcKSEK KAL\u0130TE: Sa\u011flam tahta daha dayan\u0131kl\u0131d\u0131r ve belirli bir a\u011f\u0131rl\u0131\u011fa dayanacak kadar g\u00fc\u00e7l\u00fcd\u00fcr ve y\u00fckselticiyi \u00e7izilme riski olmadan masaya kolayca yerle\u015ftirebilirsiniz.<\/span><\/li>\n<li style=\"font-weight: 400\"><span style=\"font-weight: 400\">KOLAY MONTAJ: Orijinal ah\u015fap raflar kolayca monte edilir ve yuvalar, istedi\u011finiz herhangi bir \u015feye yap\u0131\u015ft\u0131r\u0131larak istedi\u011finiz \u015feyi sergileyebilirsiniz.<\/span><\/li>\n<li style=\"font-weight: 400\"><span style=\"font-weight: 400\">\u0130Y\u0130 SATI\u015e SONRASI H\u0130ZMET: \u00dcr\u00fcnleri teslim ald\u0131ktan sonra, hasarl\u0131 veya ihtiya\u00e7lar\u0131n\u0131z\u0131 kar\u015f\u0131lamayan \u00fcr\u00fcnler gibi memnun kalmazsan\u0131z l\u00fctfen bizimle ileti\u015fime ge\u00e7in. Size tam bir geri \u00f6deme yapaca\u011f\u0131z veya \u00fcr\u00fcnleri yenileriyle de\u011fi\u015ftirerek iyi bir sat\u0131\u015f sonras\u0131 deneyimi ya\u015faman\u0131z\u0131 sa\u011flayaca\u011f\u0131z.<\/span><\/li>\n<\/ul>","protected":false},"featured_media":53524,"comment_status":"closed","ping_status":"closed","template":"","meta":{"_seopress_robots_primary_cat":"none","_seopress_titles_title":"Collapsible Trade Show Displays","_seopress_titles_desc":"","_seopress_robots_index":"","site-sidebar-layout":"default","site-content-layout":"default","ast-site-content-layout":"default","site-content-style":"default","site-sidebar-style":"default","ast-global-header-display":"","ast-banner-title-visibility":"","ast-main-header-display":"","ast-hfb-above-header-display":"","ast-hfb-below-header-display":"","ast-hfb-mobile-header-display":"","site-post-title":"","ast-breadcrumbs-content":"","ast-featured-img":"","footer-sml-layout":"","ast-disable-related-posts":"","theme-transparent-header-meta":"default","adv-header-id-meta":"","stick-header-meta":"default","header-above-stick-meta":"","header-main-stick-meta":"","header-below-stick-meta":"","astra-migrate-meta-layouts":"default","ast-page-background-enabled":"default","ast-page-background-meta":{"desktop":{"background-color":"","background-image":"","background-repeat":"repeat","background-position":"center center","background-size":"auto","background-attachment":"scroll","background-type":"","background-media":"","overlay-type":"","overlay-color":"","overlay-opacity":"","overlay-gradient":""},"tablet":{"background-color":"","background-image":"","background-repeat":"repeat","background-position":"center center","background-size":"auto","background-attachment":"scroll","background-type":"","background-media":"","overlay-type":"","overlay-color":"","overlay-opacity":"","overlay-gradient":""},"mobile":{"background-color":"","background-image":"","background-repeat":"repeat","background-position":"center center","background-size":"auto","background-attachment":"scroll","background-type":"","background-media":"","overlay-type":"","overlay-color":"","overlay-opacity":"","overlay-gradient":""}},"ast-content-background-meta":{"desktop":{"background-color":"var(--ast-global-color-5)","background-image":"","background-repeat":"repeat","background-position":"center center","background-size":"auto","background-attachment":"scroll","background-type":"","background-media":"","overlay-type":"","overlay-color":"","overlay-opacity":"","overlay-gradient":""},"tablet":{"background-color":"var(--ast-global-color-5)","background-image":"","background-repeat":"repeat","background-position":"center center","background-size":"auto","background-attachment":"scroll","background-type":"","background-media":"","overlay-type":"","overlay-color":"","overlay-opacity":"","overlay-gradient":""},"mobile":{"background-color":"var(--ast-global-color-5)","background-image":"","background-repeat":"repeat","background-position":"center center","background-size":"auto","background-attachment":"scroll","background-type":"","background-media":"","overlay-type":"","overlay-color":"","overlay-opacity":"","overlay-gradient":""}}},"product_brand":[],"product_cat":[504],"product_tag":[],"class_list":{"0":"post-53514","1":"product","2":"type-product","3":"status-publish","4":"has-post-thumbnail","6":"product_cat-trade-show-banner-display","7":"desktop-align-center","8":"tablet-align-center","9":"mobile-align-center","11":"first","12":"instock","13":"taxable","14":"shipping-taxable","15":"product-type-simple"},"_links":{"self":[{"href":"https:\/\/snow-koala-744116.hostingersite.com\/tr\/wp-json\/wp\/v2\/product\/53514","targetHints":{"allow":["GET"]}}],"collection":[{"href":"https:\/\/snow-koala-744116.hostingersite.com\/tr\/wp-json\/wp\/v2\/product"}],"about":[{"href":"https:\/\/snow-koala-744116.hostingersite.com\/tr\/wp-json\/wp\/v2\/types\/product"}],"replies":[{"embeddable":true,"href":"https:\/\/snow-koala-744116.hostingersite.com\/tr\/wp-json\/wp\/v2\/comments?post=53514"}],"version-history":[{"count":0,"href":"https:\/\/snow-koala-744116.hostingersite.com\/tr\/wp-json\/wp\/v2\/product\/53514\/revisions"}],"wp:featuredmedia":[{"embeddable":true,"href":"https:\/\/snow-koala-744116.hostingersite.com\/tr\/wp-json\/wp\/v2\/media\/53524"}],"wp:attachment":[{"href":"https:\/\/snow-koala-744116.hostingersite.com\/tr\/wp-json\/wp\/v2\/media?parent=53514"}],"wp:term":[{"taxonomy":"product_brand","embeddable":true,"href":"https:\/\/snow-koala-744116.hostingersite.com\/tr\/wp-json\/wp\/v2\/product_brand?post=53514"},{"taxonomy":"product_cat","embeddable":true,"href":"https:\/\/snow-koala-744116.hostingersite.com\/tr\/wp-json\/wp\/v2\/product_cat?post=53514"},{"taxonomy":"product_tag","embeddable":true,"href":"https:\/\/snow-koala-744116.hostingersite.com\/tr\/wp-json\/wp\/v2\/product_tag?post=53514"}],"curies":[{"name":"wp","href":"https:\/\/api.w.org\/{rel}","templated":true}]}}