{"id":57723,"date":"2023-04-01T09:33:24","date_gmt":"2023-04-01T09:33:24","guid":{"rendered":"https:\/\/snow-koala-744116.hostingersite.com\/?post_type=product&#038;p=57723"},"modified":"2023-04-01T09:35:00","modified_gmt":"2023-04-01T09:35:00","slug":"ozel-boyun-askilari-2","status":"publish","type":"product","link":"https:\/\/snow-koala-744116.hostingersite.com\/tr\/product\/custom-lanyards-2\/","title":{"rendered":"\u00d6zel Boyun Ask\u0131lar\u0131"},"content":{"rendered":"<table>\n<tbody>\n<tr>\n<td><span style=\"font-weight: 400\">Marka<\/span><\/td>\n<td><span style=\"font-weight: 400\">Dizi Y\u0131ld\u0131zlar\u0131<\/span><\/td>\n<\/tr>\n<tr>\n<td><span style=\"font-weight: 400\">Renk<\/span><\/td>\n<td><span style=\"font-weight: 400\">Siyah<\/span><\/td>\n<\/tr>\n<tr>\n<td><span style=\"font-weight: 400\">Malzeme<\/span><\/td>\n<td><span style=\"font-weight: 400\">Polyester<\/span><\/td>\n<\/tr>\n<tr>\n<td><span style=\"font-weight: 400\">\u00dcr\u00fcn Say\u0131s\u0131<\/span><\/td>\n<td><span style=\"font-weight: 400\">1<\/span><\/td>\n<\/tr>\n<tr>\n<td><span style=\"font-weight: 400\">Kapatma T\u00fcr\u00fc<\/span><\/p>\n<p>&nbsp;<\/td>\n<td><span style=\"font-weight: 400\">Kanca ve D\u00f6ng\u00fc<\/span><\/td>\n<\/tr>\n<\/tbody>\n<\/table>","protected":false},"excerpt":{"rendered":"<ul>\n<li style=\"font-weight: 400\"><span style=\"font-weight: 400\">100% Polyester<\/span><\/li>\n<li style=\"font-weight: 400\"><span style=\"font-weight: 400\">Imported<\/span><\/li>\n<li style=\"font-weight: 400\"><span style=\"font-weight: 400\">Hook and Loop closure<\/span><\/li>\n<li style=\"font-weight: 400\"><span style=\"font-weight: 400\">Hand Wash<\/span><\/li>\n<li style=\"font-weight: 400\"><span style=\"font-weight: 400\">This lanyard come with a carabiner badge reel and an ID\/Card holder which fit credit card size insert.<\/span><\/li>\n<li style=\"font-weight: 400\"><span style=\"font-weight: 400\">Funny quotes printed on lanyards: 1, Hang in there gergeous, your star will shine. 2, Don&#8217;t forget be awesome 3, Sometimes all you can do is just hang on. 4, I hope something makes you smile today. 5, If you keep reading this you are HAKUNAMATATA.<\/span><\/li>\n<li style=\"font-weight: 400\"><span style=\"font-weight: 400\">[ 100% CUSTOMIZED ] Select lanyard type, size and attachments such as clips, detachable buckles, safety breakaway, badge holders etc.<\/span><\/li>\n<\/ul>\n<p>&nbsp;<\/p>\n","protected":false},"featured_media":57739,"comment_status":"closed","ping_status":"closed","template":"","meta":{"_seopress_robots_primary_cat":"none","_seopress_titles_title":"Custom Lanyards","_seopress_titles_desc":"","_seopress_robots_index":"","site-sidebar-layout":"default","site-content-layout":"default","ast-site-content-layout":"default","site-content-style":"default","site-sidebar-style":"default","ast-global-header-display":"","ast-banner-title-visibility":"","ast-main-header-display":"","ast-hfb-above-header-display":"","ast-hfb-below-header-display":"","ast-hfb-mobile-header-display":"","site-post-title":"","ast-breadcrumbs-content":"","ast-featured-img":"","footer-sml-layout":"","ast-disable-related-posts":"","theme-transparent-header-meta":"default","adv-header-id-meta":"","stick-header-meta":"default","header-above-stick-meta":"","header-main-stick-meta":"","header-below-stick-meta":"","astra-migrate-meta-layouts":"default","ast-page-background-enabled":"default","ast-page-background-meta":{"desktop":{"background-color":"","background-image":"","background-repeat":"repeat","background-position":"center center","background-size":"auto","background-attachment":"scroll","background-type":"","background-media":"","overlay-type":"","overlay-color":"","overlay-opacity":"","overlay-gradient":""},"tablet":{"background-color":"","background-image":"","background-repeat":"repeat","background-position":"center center","background-size":"auto","background-attachment":"scroll","background-type":"","background-media":"","overlay-type":"","overlay-color":"","overlay-opacity":"","overlay-gradient":""},"mobile":{"background-color":"","background-image":"","background-repeat":"repeat","background-position":"center center","background-size":"auto","background-attachment":"scroll","background-type":"","background-media":"","overlay-type":"","overlay-color":"","overlay-opacity":"","overlay-gradient":""}},"ast-content-background-meta":{"desktop":{"background-color":"var(--ast-global-color-5)","background-image":"","background-repeat":"repeat","background-position":"center center","background-size":"auto","background-attachment":"scroll","background-type":"","background-media":"","overlay-type":"","overlay-color":"","overlay-opacity":"","overlay-gradient":""},"tablet":{"background-color":"var(--ast-global-color-5)","background-image":"","background-repeat":"repeat","background-position":"center center","background-size":"auto","background-attachment":"scroll","background-type":"","background-media":"","overlay-type":"","overlay-color":"","overlay-opacity":"","overlay-gradient":""},"mobile":{"background-color":"var(--ast-global-color-5)","background-image":"","background-repeat":"repeat","background-position":"center center","background-size":"auto","background-attachment":"scroll","background-type":"","background-media":"","overlay-type":"","overlay-color":"","overlay-opacity":"","overlay-gradient":""}}},"product_brand":[],"product_cat":[64],"product_tag":[],"class_list":{"0":"post-57723","1":"product","2":"type-product","3":"status-publish","4":"has-post-thumbnail","6":"product_cat-lanyards","7":"desktop-align-center","8":"tablet-align-center","9":"mobile-align-center","11":"first","12":"instock","13":"taxable","14":"shipping-taxable","15":"product-type-simple"},"_links":{"self":[{"href":"https:\/\/snow-koala-744116.hostingersite.com\/tr\/wp-json\/wp\/v2\/product\/57723","targetHints":{"allow":["GET"]}}],"collection":[{"href":"https:\/\/snow-koala-744116.hostingersite.com\/tr\/wp-json\/wp\/v2\/product"}],"about":[{"href":"https:\/\/snow-koala-744116.hostingersite.com\/tr\/wp-json\/wp\/v2\/types\/product"}],"replies":[{"embeddable":true,"href":"https:\/\/snow-koala-744116.hostingersite.com\/tr\/wp-json\/wp\/v2\/comments?post=57723"}],"version-history":[{"count":0,"href":"https:\/\/snow-koala-744116.hostingersite.com\/tr\/wp-json\/wp\/v2\/product\/57723\/revisions"}],"wp:featuredmedia":[{"embeddable":true,"href":"https:\/\/snow-koala-744116.hostingersite.com\/tr\/wp-json\/wp\/v2\/media\/57739"}],"wp:attachment":[{"href":"https:\/\/snow-koala-744116.hostingersite.com\/tr\/wp-json\/wp\/v2\/media?parent=57723"}],"wp:term":[{"taxonomy":"product_brand","embeddable":true,"href":"https:\/\/snow-koala-744116.hostingersite.com\/tr\/wp-json\/wp\/v2\/product_brand?post=57723"},{"taxonomy":"product_cat","embeddable":true,"href":"https:\/\/snow-koala-744116.hostingersite.com\/tr\/wp-json\/wp\/v2\/product_cat?post=57723"},{"taxonomy":"product_tag","embeddable":true,"href":"https:\/\/snow-koala-744116.hostingersite.com\/tr\/wp-json\/wp\/v2\/product_tag?post=57723"}],"curies":[{"name":"wp","href":"https:\/\/api.w.org\/{rel}","templated":true}]}}