{"id":58058,"date":"2025-01-01T12:08:44","date_gmt":"2025-01-01T12:08:44","guid":{"rendered":"https:\/\/snow-koala-744116.hostingersite.com\/?post_type=product&#038;p=58058"},"modified":"2025-01-10T10:27:58","modified_gmt":"2025-01-10T10:27:58","slug":"yansitici-kordon","status":"publish","type":"product","link":"https:\/\/snow-koala-744116.hostingersite.com\/tr\/product\/reflective-lanyard\/","title":{"rendered":"Yans\u0131t\u0131c\u0131 Boyun Ask\u0131s\u0131"},"content":{"rendered":"","protected":false},"excerpt":{"rendered":"<ul>\n<li style=\"font-weight: 400\"><span style=\"font-weight: 400\">\u2728<\/span><span style=\"font-weight: 400\"> \u00dcR\u00dcNLER \u0130\u00c7ER\u0130R: 5 x Ayarlanabilir Boyun Ask\u0131s\u0131; Boyun Ask\u0131s\u0131 Boyutu: Uzunluk: 9 in\u00e7 (yakla\u015f\u0131k 25 cm), Bilek k\u0131sm\u0131n\u0131n uzunlu\u011fu 7,9 in\u00e7 (yakla\u015f\u0131k 20 cm).<\/span><\/li>\n<li style=\"font-weight: 400\"><span style=\"font-weight: 400\">\ud83c\udf1f<\/span><span style=\"font-weight: 400\"> Yans\u0131t\u0131c\u0131 Malzeme: Kordona zarars\u0131z bir yans\u0131t\u0131c\u0131 malzeme eklenir, \u00e7al\u0131\u015f\u0131rken ba\u015fkalar\u0131na hat\u0131rlatmak i\u00e7in daha dikkat \u00e7ekici olabilir.<\/span><\/li>\n<li style=\"font-weight: 400\"><span style=\"font-weight: 400\">\ud83d\udcab<\/span><span style=\"font-weight: 400\"> Rahat: Ergonomik tasar\u0131m\u0131 sayesinde cilde yeterli temas sa\u011flar ve rahat giyilir, uzun s\u00fcreli kullan\u0131ma uygundur.<\/span><\/li>\n<li style=\"font-weight: 400\"><span style=\"font-weight: 400\">\u2b50<\/span><span style=\"font-weight: 400\"> Ayarlanabilir: Ayar uzunlu\u011fu d\u00fc\u011fmesiyle boyun ask\u0131s\u0131 kullan\u0131m\u0131 \u00e7ok kolayd\u0131r ve uzunlu\u011fu kendinize g\u00f6re ayarlayabilirsiniz.<\/span><\/li>\n<li style=\"font-weight: 400\"><span style=\"font-weight: 400\">\ud83c\udf40<\/span><span style=\"font-weight: 400\"> Cep telefonlar\u0131, kameralar, USB bellekler, anahtarlar, anahtarl\u0131klar, kimlik isim etiketi rozet tutucular\u0131, video oyunlar\u0131 ve di\u011fer ta\u015f\u0131nabilir e\u015fyalar i\u00e7in dayan\u0131kl\u0131 Bilek Ask\u0131lar\u0131\/Kay\u0131\u015flar\u0131.<\/span><\/li>\n<\/ul>\n<p>&nbsp;<\/p>","protected":false},"featured_media":58069,"comment_status":"closed","ping_status":"closed","template":"","meta":{"_seopress_robots_primary_cat":"none","_seopress_titles_title":"Reflective Lanyard","_seopress_titles_desc":"","_seopress_robots_index":"","site-sidebar-layout":"default","site-content-layout":"default","ast-site-content-layout":"default","site-content-style":"default","site-sidebar-style":"default","ast-global-header-display":"","ast-banner-title-visibility":"","ast-main-header-display":"","ast-hfb-above-header-display":"","ast-hfb-below-header-display":"","ast-hfb-mobile-header-display":"","site-post-title":"","ast-breadcrumbs-content":"","ast-featured-img":"","footer-sml-layout":"","ast-disable-related-posts":"","theme-transparent-header-meta":"default","adv-header-id-meta":"","stick-header-meta":"default","header-above-stick-meta":"","header-main-stick-meta":"","header-below-stick-meta":"","astra-migrate-meta-layouts":"default","ast-page-background-enabled":"default","ast-page-background-meta":{"desktop":{"background-color":"","background-image":"","background-repeat":"repeat","background-position":"center center","background-size":"auto","background-attachment":"scroll","background-type":"","background-media":"","overlay-type":"","overlay-color":"","overlay-opacity":"","overlay-gradient":""},"tablet":{"background-color":"","background-image":"","background-repeat":"repeat","background-position":"center center","background-size":"auto","background-attachment":"scroll","background-type":"","background-media":"","overlay-type":"","overlay-color":"","overlay-opacity":"","overlay-gradient":""},"mobile":{"background-color":"","background-image":"","background-repeat":"repeat","background-position":"center center","background-size":"auto","background-attachment":"scroll","background-type":"","background-media":"","overlay-type":"","overlay-color":"","overlay-opacity":"","overlay-gradient":""}},"ast-content-background-meta":{"desktop":{"background-color":"var(--ast-global-color-5)","background-image":"","background-repeat":"repeat","background-position":"center center","background-size":"auto","background-attachment":"scroll","background-type":"","background-media":"","overlay-type":"","overlay-color":"","overlay-opacity":"","overlay-gradient":""},"tablet":{"background-color":"var(--ast-global-color-5)","background-image":"","background-repeat":"repeat","background-position":"center center","background-size":"auto","background-attachment":"scroll","background-type":"","background-media":"","overlay-type":"","overlay-color":"","overlay-opacity":"","overlay-gradient":""},"mobile":{"background-color":"var(--ast-global-color-5)","background-image":"","background-repeat":"repeat","background-position":"center center","background-size":"auto","background-attachment":"scroll","background-type":"","background-media":"","overlay-type":"","overlay-color":"","overlay-opacity":"","overlay-gradient":""}}},"product_brand":[],"product_cat":[64],"product_tag":[],"class_list":{"0":"post-58058","1":"product","2":"type-product","3":"status-publish","4":"has-post-thumbnail","6":"product_cat-lanyards","7":"desktop-align-center","8":"tablet-align-center","9":"mobile-align-center","11":"first","12":"instock","13":"taxable","14":"shipping-taxable","15":"product-type-simple"},"_links":{"self":[{"href":"https:\/\/snow-koala-744116.hostingersite.com\/tr\/wp-json\/wp\/v2\/product\/58058","targetHints":{"allow":["GET"]}}],"collection":[{"href":"https:\/\/snow-koala-744116.hostingersite.com\/tr\/wp-json\/wp\/v2\/product"}],"about":[{"href":"https:\/\/snow-koala-744116.hostingersite.com\/tr\/wp-json\/wp\/v2\/types\/product"}],"replies":[{"embeddable":true,"href":"https:\/\/snow-koala-744116.hostingersite.com\/tr\/wp-json\/wp\/v2\/comments?post=58058"}],"version-history":[{"count":0,"href":"https:\/\/snow-koala-744116.hostingersite.com\/tr\/wp-json\/wp\/v2\/product\/58058\/revisions"}],"wp:featuredmedia":[{"embeddable":true,"href":"https:\/\/snow-koala-744116.hostingersite.com\/tr\/wp-json\/wp\/v2\/media\/58069"}],"wp:attachment":[{"href":"https:\/\/snow-koala-744116.hostingersite.com\/tr\/wp-json\/wp\/v2\/media?parent=58058"}],"wp:term":[{"taxonomy":"product_brand","embeddable":true,"href":"https:\/\/snow-koala-744116.hostingersite.com\/tr\/wp-json\/wp\/v2\/product_brand?post=58058"},{"taxonomy":"product_cat","embeddable":true,"href":"https:\/\/snow-koala-744116.hostingersite.com\/tr\/wp-json\/wp\/v2\/product_cat?post=58058"},{"taxonomy":"product_tag","embeddable":true,"href":"https:\/\/snow-koala-744116.hostingersite.com\/tr\/wp-json\/wp\/v2\/product_tag?post=58058"}],"curies":[{"name":"wp","href":"https:\/\/api.w.org\/{rel}","templated":true}]}}