{"id":64601,"date":"2024-12-30T13:23:56","date_gmt":"2024-12-30T13:23:56","guid":{"rendered":"https:\/\/snow-koala-744116.hostingersite.com\/?post_type=product&#038;p=64601"},"modified":"2024-12-31T09:23:22","modified_gmt":"2024-12-31T09:23:22","slug":"ozel-masa-ustu-tabelalari","status":"publish","type":"product","link":"https:\/\/snow-koala-744116.hostingersite.com\/tr\/product\/custom-table-top-signs\/","title":{"rendered":"\u00d6zel Masa \u00dcst\u00fc Tabelalar\u0131"},"content":{"rendered":"<ul>\n<li style=\"font-weight: 400\"><span style=\"font-weight: 400\">\ud83d\udca1<\/span><span style=\"font-weight: 400\"> Kal\u0131n, \u0130nce \u0130\u015f\u00e7ilikli Ah\u015fap \u00c7er\u00e7eve: Harfli di\u011fer ke\u00e7e panolar, ucuz, neredeyse birbirine z\u0131mbalanmam\u0131\u015f \u00e7er\u00e7eveler ve hi\u00e7 de \u015f\u0131k g\u00f6r\u00fcnmeyen g\u00f6steri\u015fli sahte ah\u015fap desenleriyle gelir (aman Tanr\u0131m!). PMPX de\u011fi\u015ftirilebilir harf panosuna gelince, \u00fcst\u00fcn i\u015f\u00e7ilik opsiyonel de\u011fildir. Ke\u00e7e panomuz, maksimum dayan\u0131kl\u0131l\u0131k i\u00e7in kal\u0131n, kaliteli bir ah\u015fap \u00e7er\u00e7eveye sahiptir ve ekstra temiz bir g\u00f6r\u00fcn\u00fcm i\u00e7in do\u011fal bir kaplama ile gelir.<\/span><\/li>\n<li style=\"font-weight: 400\"><span style=\"font-weight: 400\">\ud83d\udca1<\/span><span style=\"font-weight: 400\"> Bol Harf ve Emoji: 340 harf, karakter ve emojiyle (aylar, y\u0131ld\u0131zlar ve m\u00fczik notalar\u0131 gibi) yarat\u0131c\u0131l\u0131\u011f\u0131n\u0131z\u0131 konu\u015fturun. G\u00f6z kama\u015ft\u0131r\u0131c\u0131 \u00f6zel tabelalar yarat\u0131n, sevimli bir mutfak men\u00fc panosuyla k\u0131r evi dekorunu vurgulay\u0131n veya t\u00fcm davetlileri b\u00fcy\u00fcleyecek b\u00fcy\u00fcl\u00fc bir atmosfer i\u00e7in etkinlik masalar\u0131n\u0131n etraf\u0131na birka\u00e7 pano serpin! \u0130nce ke\u00e7e \u00e7izgilerle, mesajlar\u0131n\u0131zda istedi\u011finiz kadar yarat\u0131c\u0131 olman\u0131z i\u00e7in bolca alan var.<\/span><\/li>\n<\/ul>\n<p>&nbsp;<\/p>","protected":false},"excerpt":{"rendered":"<ul>\n<li style=\"font-weight: 400\"><span style=\"font-weight: 400\">\ud83d\udca1<\/span><span style=\"font-weight: 400\"> Her Odaya An\u0131nda \u015e\u0131kl\u0131k Kat\u0131n: Rahatlat\u0131c\u0131 ve r\u00fcya gibi bir atmosfer yaratan \u0131\u015f\u0131kl\u0131 bir yaz\u0131 tahtas\u0131yla herhangi bir alan\u0131 rahat ve rustik bir cennete d\u00f6n\u00fc\u015ft\u00fcr\u00fcn. Ev i\u015flerini biraz daha e\u011flenceli hale getiren g\u00f6z al\u0131c\u0131 duyurular, \u015f\u0131k men\u00fcler veya hatta s\u00fcsl\u00fc yap\u0131lacaklar listeleri olu\u015fturun. 10x10 siyah ke\u00e7e yaz\u0131 tahtam\u0131z, nefes kesici bir hamilelik duyurusu, okulun ilk g\u00fcn\u00fcne ho\u015f geldiniz yaz\u0131s\u0131 veya evin etraf\u0131na ilham verici bir mesaj yerle\u015ftirmenin m\u00fckemmel bir yoludur.<\/span><\/li>\n<li style=\"font-weight: 400\"><span style=\"font-weight: 400\">\ud83d\udca1<\/span><span style=\"font-weight: 400\"> Yumu\u015fak I\u015f\u0131kl\u0131 LED&#039;ler Enerji Tasarrufu Sa\u011flar: 20 dahili LED&#039;i ile PMPX ke\u00e7e harfli mesaj panosu, lo\u015f \u0131\u015f\u0131kl\u0131 bir kafe veya dinlenme salonuna, iki ki\u015filik romantik bir ak\u015fam yeme\u011fine veya komodine ho\u015f bir atmosfer katar; \u00fcstelik yumu\u015fak \u0131\u015f\u0131kl\u0131 ampullerle enerji tasarrufu da sa\u011flar. Sert beyaz \u0131\u015f\u0131k i\u00e7ermedi\u011fi i\u00e7in bu g\u00fczel rustik harf panosu ayn\u0131 zamanda harika bir \u00e7ocuk gece lambas\u0131d\u0131r. \u0130lham verici bir mesaj panosuyla birlikte kullan\u0131ld\u0131\u011f\u0131nda, k\u00fc\u00e7\u00fcklere uykuya dalarken b\u00fcy\u00fck hayaller kurmay\u0131 \u00f6\u011fretmenin m\u00fckemmel bir yoludur!<\/span><\/li>\n<li style=\"font-weight: 400\"><span style=\"font-weight: 400\">\ud83d\udca1<\/span><span style=\"font-weight: 400\"> \u015e\u00f6vale Stand\u0131 Dahil: \u00d6zel duyuru panonuzu arkadaki asma kancas\u0131n\u0131 kullanarak herhangi bir duvara as\u0131n veya birlikte verilen tripod stand\u0131 kullanarak bir masa veya tezgahta gururla sergileyin. Yakla\u015fan \u00f6zel bir etkinli\u011finiz mi var? Mini yaz\u0131 tahtas\u0131 stand\u0131, d\u00fc\u011f\u00fcn ve bebek partisi dekorasyonunu bir \u00fcst seviyeye ta\u015f\u0131man\u0131n m\u00fckemmel bir yoludur ve konuklar\u0131n\u0131z\u0131 nereden alabileceklerini merak etmeye sevk edecektir!<\/span><\/li>\n<\/ul>","protected":false},"featured_media":64606,"comment_status":"closed","ping_status":"closed","template":"","meta":{"_seopress_robots_primary_cat":"","_seopress_titles_title":"Custom Table Top Signs","_seopress_titles_desc":"","_seopress_robots_index":"","site-sidebar-layout":"default","site-content-layout":"default","ast-site-content-layout":"default","site-content-style":"default","site-sidebar-style":"default","ast-global-header-display":"","ast-banner-title-visibility":"","ast-main-header-display":"","ast-hfb-above-header-display":"","ast-hfb-below-header-display":"","ast-hfb-mobile-header-display":"","site-post-title":"","ast-breadcrumbs-content":"","ast-featured-img":"","footer-sml-layout":"","ast-disable-related-posts":"","theme-transparent-header-meta":"default","adv-header-id-meta":"","stick-header-meta":"","header-above-stick-meta":"","header-main-stick-meta":"","header-below-stick-meta":"","astra-migrate-meta-layouts":"default","ast-page-background-enabled":"default","ast-page-background-meta":{"desktop":{"background-color":"","background-image":"","background-repeat":"repeat","background-position":"center center","background-size":"auto","background-attachment":"scroll","background-type":"","background-media":"","overlay-type":"","overlay-color":"","overlay-opacity":"","overlay-gradient":""},"tablet":{"background-color":"","background-image":"","background-repeat":"repeat","background-position":"center center","background-size":"auto","background-attachment":"scroll","background-type":"","background-media":"","overlay-type":"","overlay-color":"","overlay-opacity":"","overlay-gradient":""},"mobile":{"background-color":"","background-image":"","background-repeat":"repeat","background-position":"center center","background-size":"auto","background-attachment":"scroll","background-type":"","background-media":"","overlay-type":"","overlay-color":"","overlay-opacity":"","overlay-gradient":""}},"ast-content-background-meta":{"desktop":{"background-color":"var(--ast-global-color-5)","background-image":"","background-repeat":"repeat","background-position":"center center","background-size":"auto","background-attachment":"scroll","background-type":"","background-media":"","overlay-type":"","overlay-color":"","overlay-opacity":"","overlay-gradient":""},"tablet":{"background-color":"var(--ast-global-color-5)","background-image":"","background-repeat":"repeat","background-position":"center center","background-size":"auto","background-attachment":"scroll","background-type":"","background-media":"","overlay-type":"","overlay-color":"","overlay-opacity":"","overlay-gradient":""},"mobile":{"background-color":"var(--ast-global-color-5)","background-image":"","background-repeat":"repeat","background-position":"center center","background-size":"auto","background-attachment":"scroll","background-type":"","background-media":"","overlay-type":"","overlay-color":"","overlay-opacity":"","overlay-gradient":""}}},"product_brand":[],"product_cat":[553],"product_tag":[],"class_list":{"0":"post-64601","1":"product","2":"type-product","3":"status-publish","4":"has-post-thumbnail","6":"product_cat-table-top-banner-stand","7":"desktop-align-center","8":"tablet-align-center","9":"mobile-align-center","11":"first","12":"instock","13":"taxable","14":"shipping-taxable","15":"product-type-simple"},"_links":{"self":[{"href":"https:\/\/snow-koala-744116.hostingersite.com\/tr\/wp-json\/wp\/v2\/product\/64601","targetHints":{"allow":["GET"]}}],"collection":[{"href":"https:\/\/snow-koala-744116.hostingersite.com\/tr\/wp-json\/wp\/v2\/product"}],"about":[{"href":"https:\/\/snow-koala-744116.hostingersite.com\/tr\/wp-json\/wp\/v2\/types\/product"}],"replies":[{"embeddable":true,"href":"https:\/\/snow-koala-744116.hostingersite.com\/tr\/wp-json\/wp\/v2\/comments?post=64601"}],"version-history":[{"count":0,"href":"https:\/\/snow-koala-744116.hostingersite.com\/tr\/wp-json\/wp\/v2\/product\/64601\/revisions"}],"wp:featuredmedia":[{"embeddable":true,"href":"https:\/\/snow-koala-744116.hostingersite.com\/tr\/wp-json\/wp\/v2\/media\/64606"}],"wp:attachment":[{"href":"https:\/\/snow-koala-744116.hostingersite.com\/tr\/wp-json\/wp\/v2\/media?parent=64601"}],"wp:term":[{"taxonomy":"product_brand","embeddable":true,"href":"https:\/\/snow-koala-744116.hostingersite.com\/tr\/wp-json\/wp\/v2\/product_brand?post=64601"},{"taxonomy":"product_cat","embeddable":true,"href":"https:\/\/snow-koala-744116.hostingersite.com\/tr\/wp-json\/wp\/v2\/product_cat?post=64601"},{"taxonomy":"product_tag","embeddable":true,"href":"https:\/\/snow-koala-744116.hostingersite.com\/tr\/wp-json\/wp\/v2\/product_tag?post=64601"}],"curies":[{"name":"wp","href":"https:\/\/api.w.org\/{rel}","templated":true}]}}