{"id":64918,"date":"2024-12-30T02:35:45","date_gmt":"2024-12-30T02:35:45","guid":{"rendered":"https:\/\/snow-koala-744116.hostingersite.com\/?post_type=product&#038;p=64918"},"modified":"2024-12-31T08:36:06","modified_gmt":"2024-12-31T08:36:06","slug":"havali-kosu-sapkalari","status":"publish","type":"product","link":"https:\/\/snow-koala-744116.hostingersite.com\/tr\/product\/cool-running-hats\/","title":{"rendered":"Haval\u0131 Ko\u015fu \u015eapkalar\u0131"},"content":{"rendered":"","protected":false},"excerpt":{"rendered":"<ul>\n<li style=\"font-weight: 400\"><span style=\"font-weight: 400\">100% Naylon<\/span><\/li>\n<li style=\"font-weight: 400\"><span style=\"font-weight: 400\">\u0130thal<\/span><\/li>\n<li style=\"font-weight: 400\"><span style=\"font-weight: 400\">C\u0131rt c\u0131rtl\u0131 kapatma<\/span><\/li>\n<li style=\"font-weight: 400\"><span style=\"font-weight: 400\">Sadece elde y\u0131kama<\/span><\/li>\n<li style=\"font-weight: 400\"><span style=\"font-weight: 400\">Hafif ve \u00e7abuk kuruyan naylon taslon malzemesi<\/span><\/li>\n<li style=\"font-weight: 400\"><span style=\"font-weight: 400\">Tek beden, \u00e7o\u011fu ba\u015f \u00e7evresi i\u00e7in uygundur (yakla\u015f\u0131k 21,6-23,6 in\u00e7) (55 cm- 60 cm) ve arkada ayarlanabilir kanca ve halka kapatma bulunur<\/span><\/li>\n<li style=\"font-weight: 400\"><span style=\"font-weight: 400\">D\u00fc\u015f\u00fck \u0131\u015f\u0131kta veya karanl\u0131kta daha fazla g\u00f6r\u00fcn\u00fcrl\u00fck ve g\u00fcvenlik i\u00e7in \u015fapkan\u0131n siperli\u011fi ve alt k\u0131sm\u0131nda yans\u0131t\u0131c\u0131 \u015ferit<\/span><\/li>\n<\/ul>\n<ul>\n<li style=\"font-weight: 400\"><span style=\"font-weight: 400\">\u00dcst\u00fcn hava ak\u0131\u015f\u0131 i\u00e7in file yan havaland\u0131rma delikleri ve dahili nem emici ter band\u0131 ba\u015f\u0131n\u0131z\u0131 serin ve rahat tutar<\/span><\/li>\n<li style=\"font-weight: 400\"><span style=\"font-weight: 400\">Katlanabilir 9 cm\/3,54 in\u00e7 uzunlu\u011funda viz\u00f6r, d\u00fcz bir \u015fekilde cebe veya s\u0131rt \u00e7antas\u0131na konulabilir<\/span><\/li>\n<\/ul>\n<p>&nbsp;<\/p>","protected":false},"featured_media":64928,"comment_status":"closed","ping_status":"closed","template":"","meta":{"_seopress_robots_primary_cat":"none","_seopress_titles_title":"Cool Running Hats","_seopress_titles_desc":"","_seopress_robots_index":"","site-sidebar-layout":"default","site-content-layout":"default","ast-site-content-layout":"default","site-content-style":"default","site-sidebar-style":"default","ast-global-header-display":"","ast-banner-title-visibility":"","ast-main-header-display":"","ast-hfb-above-header-display":"","ast-hfb-below-header-display":"","ast-hfb-mobile-header-display":"","site-post-title":"","ast-breadcrumbs-content":"","ast-featured-img":"","footer-sml-layout":"","ast-disable-related-posts":"","theme-transparent-header-meta":"default","adv-header-id-meta":"","stick-header-meta":"","header-above-stick-meta":"","header-main-stick-meta":"","header-below-stick-meta":"","astra-migrate-meta-layouts":"default","ast-page-background-enabled":"default","ast-page-background-meta":{"desktop":{"background-color":"","background-image":"","background-repeat":"repeat","background-position":"center center","background-size":"auto","background-attachment":"scroll","background-type":"","background-media":"","overlay-type":"","overlay-color":"","overlay-opacity":"","overlay-gradient":""},"tablet":{"background-color":"","background-image":"","background-repeat":"repeat","background-position":"center center","background-size":"auto","background-attachment":"scroll","background-type":"","background-media":"","overlay-type":"","overlay-color":"","overlay-opacity":"","overlay-gradient":""},"mobile":{"background-color":"","background-image":"","background-repeat":"repeat","background-position":"center center","background-size":"auto","background-attachment":"scroll","background-type":"","background-media":"","overlay-type":"","overlay-color":"","overlay-opacity":"","overlay-gradient":""}},"ast-content-background-meta":{"desktop":{"background-color":"var(--ast-global-color-5)","background-image":"","background-repeat":"repeat","background-position":"center center","background-size":"auto","background-attachment":"scroll","background-type":"","background-media":"","overlay-type":"","overlay-color":"","overlay-opacity":"","overlay-gradient":""},"tablet":{"background-color":"var(--ast-global-color-5)","background-image":"","background-repeat":"repeat","background-position":"center center","background-size":"auto","background-attachment":"scroll","background-type":"","background-media":"","overlay-type":"","overlay-color":"","overlay-opacity":"","overlay-gradient":""},"mobile":{"background-color":"var(--ast-global-color-5)","background-image":"","background-repeat":"repeat","background-position":"center center","background-size":"auto","background-attachment":"scroll","background-type":"","background-media":"","overlay-type":"","overlay-color":"","overlay-opacity":"","overlay-gradient":""}}},"product_brand":[],"product_cat":[555],"product_tag":[],"class_list":{"0":"post-64918","1":"product","2":"type-product","3":"status-publish","4":"has-post-thumbnail","6":"product_cat-custom-hats","7":"desktop-align-center","8":"tablet-align-center","9":"mobile-align-center","11":"first","12":"instock","13":"taxable","14":"shipping-taxable","15":"product-type-simple"},"_links":{"self":[{"href":"https:\/\/snow-koala-744116.hostingersite.com\/tr\/wp-json\/wp\/v2\/product\/64918","targetHints":{"allow":["GET"]}}],"collection":[{"href":"https:\/\/snow-koala-744116.hostingersite.com\/tr\/wp-json\/wp\/v2\/product"}],"about":[{"href":"https:\/\/snow-koala-744116.hostingersite.com\/tr\/wp-json\/wp\/v2\/types\/product"}],"replies":[{"embeddable":true,"href":"https:\/\/snow-koala-744116.hostingersite.com\/tr\/wp-json\/wp\/v2\/comments?post=64918"}],"version-history":[{"count":0,"href":"https:\/\/snow-koala-744116.hostingersite.com\/tr\/wp-json\/wp\/v2\/product\/64918\/revisions"}],"wp:featuredmedia":[{"embeddable":true,"href":"https:\/\/snow-koala-744116.hostingersite.com\/tr\/wp-json\/wp\/v2\/media\/64928"}],"wp:attachment":[{"href":"https:\/\/snow-koala-744116.hostingersite.com\/tr\/wp-json\/wp\/v2\/media?parent=64918"}],"wp:term":[{"taxonomy":"product_brand","embeddable":true,"href":"https:\/\/snow-koala-744116.hostingersite.com\/tr\/wp-json\/wp\/v2\/product_brand?post=64918"},{"taxonomy":"product_cat","embeddable":true,"href":"https:\/\/snow-koala-744116.hostingersite.com\/tr\/wp-json\/wp\/v2\/product_cat?post=64918"},{"taxonomy":"product_tag","embeddable":true,"href":"https:\/\/snow-koala-744116.hostingersite.com\/tr\/wp-json\/wp\/v2\/product_tag?post=64918"}],"curies":[{"name":"wp","href":"https:\/\/api.w.org\/{rel}","templated":true}]}}